{"id":5757,"date":"2025-08-22T21:04:07","date_gmt":"2025-08-22T21:04:07","guid":{"rendered":"https:\/\/abara2.wpenginepowered.com\/?page_id=5757"},"modified":"2025-08-22T21:09:16","modified_gmt":"2025-08-22T21:09:16","slug":"abara-sustainers","status":"publish","type":"page","link":"https:\/\/abara.org\/es\/donate\/abara-sustainers\/","title":{"rendered":"Sostenedores de Abara"},"content":{"rendered":"<iframe loading=\"lazy\" src=\"https:\/\/donorbox.org\/embed\/abara-sustainers?\" name=\"donorbox\" allowpaymentrequest=\"allowpaymentrequest\" seamless=\"seamless\" frameborder=\"0\" scrolling=\"no\" height=\"900px\" width=\"100%\" allow=\"payment\"><\/iframe>\n<h1>\n\t\t\tSostenedores de Abara\t<\/h1>\n\t<p>Las donaciones peri\u00f3dicas garantizan un apoyo constante y continuado a nuestra labor durante todo el a\u00f1o en los albergues para inmigrantes, la educaci\u00f3n fronteriza y la consolidaci\u00f3n de la paz. Su compromiso ayuda a mantener el impacto a largo plazo.<\/p>\n<p>&nbsp;<\/p>","protected":false},"excerpt":{"rendered":"<p>Abara Sustainers Recurring gifts ensure steady, ongoing support for our year-round work with migrant shelters, border education, and peace-building. Your commitment helps sustain long-term impact. &nbsp;<\/p>","protected":false},"author":1,"featured_media":0,"parent":4965,"menu_order":0,"comment_status":"closed","ping_status":"closed","template":"","meta":{"_acf_changed":false,"_monsterinsights_skip_tracking":false,"_monsterinsights_sitenote_active":false,"_monsterinsights_sitenote_note":"","_monsterinsights_sitenote_category":0,"footnotes":""},"class_list":["post-5757","page","type-page","status-publish","hentry"],"acf":[],"yoast_head":"<!-- This site is optimized with the Yoast SEO plugin v27.5 - https:\/\/yoast.com\/product\/yoast-seo-wordpress\/ -->\n<title>Abara Sustainers - Abara<\/title>\n<meta name=\"robots\" content=\"index, follow, max-snippet:-1, max-image-preview:large, max-video-preview:-1\" \/>\n<link rel=\"canonical\" href=\"https:\/\/abara.org\/es\/donate\/abara-sustainers\/\" \/>\n<meta property=\"og:locale\" content=\"es_MX\" \/>\n<meta property=\"og:type\" content=\"article\" \/>\n<meta property=\"og:title\" content=\"Abara Sustainers - Abara\" \/>\n<meta property=\"og:description\" content=\"Abara Sustainers Recurring gifts ensure steady, ongoing support for our year-round work with migrant shelters, border education, and peace-building. Your commitment helps sustain long-term impact. &nbsp;\" \/>\n<meta property=\"og:url\" content=\"https:\/\/abara.org\/es\/donate\/abara-sustainers\/\" \/>\n<meta property=\"og:site_name\" content=\"Abara\" \/>\n<meta property=\"article:modified_time\" content=\"2025-08-22T21:09:16+00:00\" \/>\n<meta name=\"twitter:card\" content=\"summary_large_image\" \/>\n<meta name=\"twitter:label1\" content=\"Tiempo de lectura\" \/>\n\t<meta name=\"twitter:data1\" content=\"1 minuto\" \/>\n<script type=\"application\/ld+json\" class=\"yoast-schema-graph\">{\"@context\":\"https:\\\/\\\/schema.org\",\"@graph\":[{\"@type\":\"WebPage\",\"@id\":\"https:\\\/\\\/abara.org\\\/donate\\\/abara-sustainers\\\/\",\"url\":\"https:\\\/\\\/abara.org\\\/donate\\\/abara-sustainers\\\/\",\"name\":\"Abara Sustainers - Abara\",\"isPartOf\":{\"@id\":\"https:\\\/\\\/abara.org\\\/#website\"},\"datePublished\":\"2025-08-22T21:04:07+00:00\",\"dateModified\":\"2025-08-22T21:09:16+00:00\",\"breadcrumb\":{\"@id\":\"https:\\\/\\\/abara.org\\\/donate\\\/abara-sustainers\\\/#breadcrumb\"},\"inLanguage\":\"es\",\"potentialAction\":[{\"@type\":\"ReadAction\",\"target\":[\"https:\\\/\\\/abara.org\\\/donate\\\/abara-sustainers\\\/\"]}]},{\"@type\":\"BreadcrumbList\",\"@id\":\"https:\\\/\\\/abara.org\\\/donate\\\/abara-sustainers\\\/#breadcrumb\",\"itemListElement\":[{\"@type\":\"ListItem\",\"position\":1,\"name\":\"Home\",\"item\":\"https:\\\/\\\/abara.org\\\/\"},{\"@type\":\"ListItem\",\"position\":2,\"name\":\"Donate\",\"item\":\"https:\\\/\\\/abara.org\\\/donate\\\/\"},{\"@type\":\"ListItem\",\"position\":3,\"name\":\"Abara Sustainers\"}]},{\"@type\":\"WebSite\",\"@id\":\"https:\\\/\\\/abara.org\\\/#website\",\"url\":\"https:\\\/\\\/abara.org\\\/\",\"name\":\"Abara\",\"description\":\"Belonging Beyond Borders in El Paso, TX\",\"potentialAction\":[{\"@type\":\"SearchAction\",\"target\":{\"@type\":\"EntryPoint\",\"urlTemplate\":\"https:\\\/\\\/abara.org\\\/?s={search_term_string}\"},\"query-input\":{\"@type\":\"PropertyValueSpecification\",\"valueRequired\":true,\"valueName\":\"search_term_string\"}}],\"inLanguage\":\"es\"}]}<\/script>\n<!-- \/ Yoast SEO plugin. -->","yoast_head_json":{"title":"Abara Sustainers - Abara","robots":{"index":"index","follow":"follow","max-snippet":"max-snippet:-1","max-image-preview":"max-image-preview:large","max-video-preview":"max-video-preview:-1"},"canonical":"https:\/\/abara.org\/es\/donate\/abara-sustainers\/","og_locale":"es_MX","og_type":"article","og_title":"Abara Sustainers - Abara","og_description":"Abara Sustainers Recurring gifts ensure steady, ongoing support for our year-round work with migrant shelters, border education, and peace-building. Your commitment helps sustain long-term impact. &nbsp;","og_url":"https:\/\/abara.org\/es\/donate\/abara-sustainers\/","og_site_name":"Abara","article_modified_time":"2025-08-22T21:09:16+00:00","twitter_card":"summary_large_image","twitter_misc":{"Tiempo de lectura":"1 minuto"},"schema":{"@context":"https:\/\/schema.org","@graph":[{"@type":"WebPage","@id":"https:\/\/abara.org\/donate\/abara-sustainers\/","url":"https:\/\/abara.org\/donate\/abara-sustainers\/","name":"Abara Sustainers - Abara","isPartOf":{"@id":"https:\/\/abara.org\/#website"},"datePublished":"2025-08-22T21:04:07+00:00","dateModified":"2025-08-22T21:09:16+00:00","breadcrumb":{"@id":"https:\/\/abara.org\/donate\/abara-sustainers\/#breadcrumb"},"inLanguage":"es","potentialAction":[{"@type":"ReadAction","target":["https:\/\/abara.org\/donate\/abara-sustainers\/"]}]},{"@type":"BreadcrumbList","@id":"https:\/\/abara.org\/donate\/abara-sustainers\/#breadcrumb","itemListElement":[{"@type":"ListItem","position":1,"name":"Home","item":"https:\/\/abara.org\/"},{"@type":"ListItem","position":2,"name":"Donate","item":"https:\/\/abara.org\/donate\/"},{"@type":"ListItem","position":3,"name":"Abara Sustainers"}]},{"@type":"WebSite","@id":"https:\/\/abara.org\/#website","url":"https:\/\/abara.org\/","name":"Abara","description":"Pertenecer m\u00e1s all\u00e1 de las fronteras en El Paso, TX","potentialAction":[{"@type":"SearchAction","target":{"@type":"EntryPoint","urlTemplate":"https:\/\/abara.org\/?s={search_term_string}"},"query-input":{"@type":"PropertyValueSpecification","valueRequired":true,"valueName":"search_term_string"}}],"inLanguage":"es"}]}},"_links":{"self":[{"href":"https:\/\/abara.org\/es\/wp-json\/wp\/v2\/pages\/5757","targetHints":{"allow":["GET"]}}],"collection":[{"href":"https:\/\/abara.org\/es\/wp-json\/wp\/v2\/pages"}],"about":[{"href":"https:\/\/abara.org\/es\/wp-json\/wp\/v2\/types\/page"}],"author":[{"embeddable":true,"href":"https:\/\/abara.org\/es\/wp-json\/wp\/v2\/users\/1"}],"replies":[{"embeddable":true,"href":"https:\/\/abara.org\/es\/wp-json\/wp\/v2\/comments?post=5757"}],"version-history":[{"count":0,"href":"https:\/\/abara.org\/es\/wp-json\/wp\/v2\/pages\/5757\/revisions"}],"up":[{"embeddable":true,"href":"https:\/\/abara.org\/es\/wp-json\/wp\/v2\/pages\/4965"}],"wp:attachment":[{"href":"https:\/\/abara.org\/es\/wp-json\/wp\/v2\/media?parent=5757"}],"curies":[{"name":"wp","href":"https:\/\/api.w.org\/{rel}","templated":true}]}}