{"id":5704,"date":"2025-07-18T19:19:56","date_gmt":"2025-07-18T19:19:56","guid":{"rendered":"https:\/\/abara2.wpenginepowered.com\/?page_id=5704"},"modified":"2025-09-23T20:31:36","modified_gmt":"2025-09-23T20:31:36","slug":"book-a-border-encounter","status":"publish","type":"page","link":"https:\/\/abara.org\/es\/border-encounters\/book-a-border-encounter\/","title":{"rendered":"Reservar un encuentro fronterizo"},"content":{"rendered":"<img decoding=\"async\" src=\"https:\/\/abara.org\/wp-content\/uploads\/2025\/06\/Rectangle-7-7.png\" alt=\"Rectangle 7 (7)\" itemprop=\"image\" height=\"433\" width=\"525\" title=\"Rect\u00e1ngulo 7 (7)\" onerror=\"this.style.display='none'\" loading=\"lazy\" \/>\n<h1>\n\t\t\tReservar un encuentro fronterizo\t<\/h1>\n\t<p>We&#8217;re here to help you take the next step in this journey of connection and learning. To begin planning your visit, please complete the form, and an Abara team member will contact you.<\/p>","protected":false},"excerpt":{"rendered":"<p>Book a Border Encounter We&#8217;re here to help you take the next step in this journey of connection and learning. To begin planning your visit, please complete the form, and an Abara team member will contact you.<\/p>","protected":false},"author":1,"featured_media":5286,"parent":5638,"menu_order":0,"comment_status":"closed","ping_status":"closed","template":"","meta":{"_acf_changed":false,"_monsterinsights_skip_tracking":false,"_monsterinsights_sitenote_active":false,"_monsterinsights_sitenote_note":"","_monsterinsights_sitenote_category":0,"footnotes":""},"class_list":["post-5704","page","type-page","status-publish","has-post-thumbnail","hentry"],"acf":[],"yoast_head":"<!-- This site is optimized with the Yoast SEO plugin v27.3 - https:\/\/yoast.com\/product\/yoast-seo-wordpress\/ -->\n<title>Book a Border Encounter - Abara<\/title>\n<meta name=\"description\" content=\"Abara connects people across borders through immersive experiences and peace-building efforts along the U.S.\u2013Mexico border.\" \/>\n<meta name=\"robots\" content=\"index, follow, max-snippet:-1, max-image-preview:large, max-video-preview:-1\" \/>\n<link rel=\"canonical\" href=\"https:\/\/abara.org\/es\/border-encounters\/book-a-border-encounter\/\" \/>\n<meta property=\"og:locale\" content=\"es_MX\" \/>\n<meta property=\"og:type\" content=\"article\" \/>\n<meta property=\"og:title\" content=\"Book a Border Encounter - Abara\" \/>\n<meta property=\"og:description\" content=\"Abara connects people across borders through immersive experiences and peace-building efforts along the U.S.\u2013Mexico border.\" \/>\n<meta property=\"og:url\" content=\"https:\/\/abara.org\/es\/border-encounters\/book-a-border-encounter\/\" \/>\n<meta property=\"og:site_name\" content=\"Abara\" \/>\n<meta property=\"article:modified_time\" content=\"2025-09-23T20:31:36+00:00\" \/>\n<meta property=\"og:image\" content=\"https:\/\/abara.org\/wp-content\/uploads\/2021\/12\/be75bd_16263be66b704836ac25785e8ebad6b1mv2-scaled.webp\" \/>\n\t<meta property=\"og:image:width\" content=\"2560\" \/>\n\t<meta property=\"og:image:height\" content=\"1707\" \/>\n\t<meta property=\"og:image:type\" content=\"image\/webp\" \/>\n<meta name=\"twitter:card\" content=\"summary_large_image\" \/>\n<meta name=\"twitter:label1\" content=\"Tiempo de lectura\" \/>\n\t<meta name=\"twitter:data1\" content=\"1 minuto\" \/>\n<script type=\"application\/ld+json\" class=\"yoast-schema-graph\">{\"@context\":\"https:\\\/\\\/schema.org\",\"@graph\":[{\"@type\":\"WebPage\",\"@id\":\"https:\\\/\\\/abara.org\\\/border-encounters\\\/book-a-border-encounter\\\/\",\"url\":\"https:\\\/\\\/abara.org\\\/border-encounters\\\/book-a-border-encounter\\\/\",\"name\":\"Book a Border Encounter - Abara\",\"isPartOf\":{\"@id\":\"https:\\\/\\\/abara.org\\\/#website\"},\"primaryImageOfPage\":{\"@id\":\"https:\\\/\\\/abara.org\\\/border-encounters\\\/book-a-border-encounter\\\/#primaryimage\"},\"image\":{\"@id\":\"https:\\\/\\\/abara.org\\\/border-encounters\\\/book-a-border-encounter\\\/#primaryimage\"},\"thumbnailUrl\":\"https:\\\/\\\/abara.org\\\/wp-content\\\/uploads\\\/2021\\\/12\\\/be75bd_16263be66b704836ac25785e8ebad6b1mv2-scaled.webp\",\"datePublished\":\"2025-07-18T19:19:56+00:00\",\"dateModified\":\"2025-09-23T20:31:36+00:00\",\"description\":\"Abara connects people across borders through immersive experiences and peace-building efforts along the U.S.\u2013Mexico border.\",\"breadcrumb\":{\"@id\":\"https:\\\/\\\/abara.org\\\/border-encounters\\\/book-a-border-encounter\\\/#breadcrumb\"},\"inLanguage\":\"es\",\"potentialAction\":[{\"@type\":\"ReadAction\",\"target\":[\"https:\\\/\\\/abara.org\\\/border-encounters\\\/book-a-border-encounter\\\/\"]}]},{\"@type\":\"ImageObject\",\"inLanguage\":\"es\",\"@id\":\"https:\\\/\\\/abara.org\\\/border-encounters\\\/book-a-border-encounter\\\/#primaryimage\",\"url\":\"https:\\\/\\\/abara.org\\\/wp-content\\\/uploads\\\/2021\\\/12\\\/be75bd_16263be66b704836ac25785e8ebad6b1mv2-scaled.webp\",\"contentUrl\":\"https:\\\/\\\/abara.org\\\/wp-content\\\/uploads\\\/2021\\\/12\\\/be75bd_16263be66b704836ac25785e8ebad6b1mv2-scaled.webp\",\"width\":2560,\"height\":1707},{\"@type\":\"BreadcrumbList\",\"@id\":\"https:\\\/\\\/abara.org\\\/border-encounters\\\/book-a-border-encounter\\\/#breadcrumb\",\"itemListElement\":[{\"@type\":\"ListItem\",\"position\":1,\"name\":\"Home\",\"item\":\"https:\\\/\\\/abara.org\\\/\"},{\"@type\":\"ListItem\",\"position\":2,\"name\":\"Border Encounters\",\"item\":\"https:\\\/\\\/abara.org\\\/border-encounters\\\/\"},{\"@type\":\"ListItem\",\"position\":3,\"name\":\"Book a Border Encounter\"}]},{\"@type\":\"WebSite\",\"@id\":\"https:\\\/\\\/abara.org\\\/#website\",\"url\":\"https:\\\/\\\/abara.org\\\/\",\"name\":\"Abara\",\"description\":\"Belonging Beyond Borders in El Paso, TX\",\"potentialAction\":[{\"@type\":\"SearchAction\",\"target\":{\"@type\":\"EntryPoint\",\"urlTemplate\":\"https:\\\/\\\/abara.org\\\/?s={search_term_string}\"},\"query-input\":{\"@type\":\"PropertyValueSpecification\",\"valueRequired\":true,\"valueName\":\"search_term_string\"}}],\"inLanguage\":\"es\"}]}<\/script>\n<!-- \/ Yoast SEO plugin. -->","yoast_head_json":{"title":"Book a Border Encounter - Abara","description":"Abara conecta a las personas a trav\u00e9s de las fronteras mediante experiencias inmersivas y esfuerzos de consolidaci\u00f3n de la paz a lo largo de la frontera entre Estados Unidos y M\u00e9xico.","robots":{"index":"index","follow":"follow","max-snippet":"max-snippet:-1","max-image-preview":"max-image-preview:large","max-video-preview":"max-video-preview:-1"},"canonical":"https:\/\/abara.org\/es\/border-encounters\/book-a-border-encounter\/","og_locale":"es_MX","og_type":"article","og_title":"Book a Border Encounter - Abara","og_description":"Abara connects people across borders through immersive experiences and peace-building efforts along the U.S.\u2013Mexico border.","og_url":"https:\/\/abara.org\/es\/border-encounters\/book-a-border-encounter\/","og_site_name":"Abara","article_modified_time":"2025-09-23T20:31:36+00:00","og_image":[{"width":2560,"height":1707,"url":"https:\/\/abara.org\/wp-content\/uploads\/2021\/12\/be75bd_16263be66b704836ac25785e8ebad6b1mv2-scaled.webp","type":"image\/webp"}],"twitter_card":"summary_large_image","twitter_misc":{"Tiempo de lectura":"1 minuto"},"schema":{"@context":"https:\/\/schema.org","@graph":[{"@type":"WebPage","@id":"https:\/\/abara.org\/border-encounters\/book-a-border-encounter\/","url":"https:\/\/abara.org\/border-encounters\/book-a-border-encounter\/","name":"Book a Border Encounter - Abara","isPartOf":{"@id":"https:\/\/abara.org\/#website"},"primaryImageOfPage":{"@id":"https:\/\/abara.org\/border-encounters\/book-a-border-encounter\/#primaryimage"},"image":{"@id":"https:\/\/abara.org\/border-encounters\/book-a-border-encounter\/#primaryimage"},"thumbnailUrl":"https:\/\/abara.org\/wp-content\/uploads\/2021\/12\/be75bd_16263be66b704836ac25785e8ebad6b1mv2-scaled.webp","datePublished":"2025-07-18T19:19:56+00:00","dateModified":"2025-09-23T20:31:36+00:00","description":"Abara conecta a las personas a trav\u00e9s de las fronteras mediante experiencias inmersivas y esfuerzos de consolidaci\u00f3n de la paz a lo largo de la frontera entre Estados Unidos y M\u00e9xico.","breadcrumb":{"@id":"https:\/\/abara.org\/border-encounters\/book-a-border-encounter\/#breadcrumb"},"inLanguage":"es","potentialAction":[{"@type":"ReadAction","target":["https:\/\/abara.org\/border-encounters\/book-a-border-encounter\/"]}]},{"@type":"ImageObject","inLanguage":"es","@id":"https:\/\/abara.org\/border-encounters\/book-a-border-encounter\/#primaryimage","url":"https:\/\/abara.org\/wp-content\/uploads\/2021\/12\/be75bd_16263be66b704836ac25785e8ebad6b1mv2-scaled.webp","contentUrl":"https:\/\/abara.org\/wp-content\/uploads\/2021\/12\/be75bd_16263be66b704836ac25785e8ebad6b1mv2-scaled.webp","width":2560,"height":1707},{"@type":"BreadcrumbList","@id":"https:\/\/abara.org\/border-encounters\/book-a-border-encounter\/#breadcrumb","itemListElement":[{"@type":"ListItem","position":1,"name":"Home","item":"https:\/\/abara.org\/"},{"@type":"ListItem","position":2,"name":"Border Encounters","item":"https:\/\/abara.org\/border-encounters\/"},{"@type":"ListItem","position":3,"name":"Book a Border Encounter"}]},{"@type":"WebSite","@id":"https:\/\/abara.org\/#website","url":"https:\/\/abara.org\/","name":"Abara","description":"Pertenecer m\u00e1s all\u00e1 de las fronteras en El Paso, TX","potentialAction":[{"@type":"SearchAction","target":{"@type":"EntryPoint","urlTemplate":"https:\/\/abara.org\/?s={search_term_string}"},"query-input":{"@type":"PropertyValueSpecification","valueRequired":true,"valueName":"search_term_string"}}],"inLanguage":"es"}]}},"_links":{"self":[{"href":"https:\/\/abara.org\/es\/wp-json\/wp\/v2\/pages\/5704","targetHints":{"allow":["GET"]}}],"collection":[{"href":"https:\/\/abara.org\/es\/wp-json\/wp\/v2\/pages"}],"about":[{"href":"https:\/\/abara.org\/es\/wp-json\/wp\/v2\/types\/page"}],"author":[{"embeddable":true,"href":"https:\/\/abara.org\/es\/wp-json\/wp\/v2\/users\/1"}],"replies":[{"embeddable":true,"href":"https:\/\/abara.org\/es\/wp-json\/wp\/v2\/comments?post=5704"}],"version-history":[{"count":0,"href":"https:\/\/abara.org\/es\/wp-json\/wp\/v2\/pages\/5704\/revisions"}],"up":[{"embeddable":true,"href":"https:\/\/abara.org\/es\/wp-json\/wp\/v2\/pages\/5638"}],"wp:featuredmedia":[{"embeddable":true,"href":"https:\/\/abara.org\/es\/wp-json\/wp\/v2\/media\/5286"}],"wp:attachment":[{"href":"https:\/\/abara.org\/es\/wp-json\/wp\/v2\/media?parent=5704"}],"curies":[{"name":"wp","href":"https:\/\/api.w.org\/{rel}","templated":true}]}}