{"id":5659,"date":"2025-06-20T17:14:23","date_gmt":"2025-06-20T17:14:23","guid":{"rendered":"https:\/\/abara2.wpenginepowered.com\/?page_id=5659"},"modified":"2025-06-20T17:21:09","modified_gmt":"2025-06-20T17:21:09","slug":"our-financials","status":"publish","type":"page","link":"https:\/\/abara.org\/es\/our-financials\/","title":{"rendered":"Nuestras finanzas"},"content":{"rendered":"<img decoding=\"async\" src=\"https:\/\/abara.org\/wp-content\/uploads\/2025\/06\/Rectangle-7-9.png\" alt=\"Rectangle 7 (9)\" itemprop=\"image\" height=\"433\" width=\"525\" title=\"Rect\u00e1ngulo 7 (9)\" onerror=\"this.style.display='none'\" loading='lazy' \/>\n<h1>\n\t\t\tNuestras finanzas\t<\/h1>\n\t<p>Su generosidad est\u00e1 creando conexiones significativas y compasi\u00f3n en la frontera. Se dignifican vidas, se ampl\u00edan perspectivas y se fortalecen comunidades. <\/p>\n\t<p>Como administradores de su confianza, nos tomamos muy en serio la integridad financiera y estamos profundamente agradecidos por el apoyo que representan sus donaciones. Para honrar esa confianza, presentamos informes anuales que reflejan nuestro compromiso con la transparencia y el impacto compartido.<\/p>\n\t\t\t<a href=\"\" target=\"_self\">\n\t\t\t\t\t\t\t!!!Descargue nuestro Informe de Impacto 2024!!!\n\t\t\t\t\t<\/a>\n<h2>\n\t\t\tTransparencia financiera\t<\/h2>\n<h2>\n\t\t\tFinanzas 2024\t<\/h2>\n\t<p>Informe anual<\/p>\n\t\t\t<a href=\"https:\/\/abara.org\/wp-content\/uploads\/2025\/05\/Abara_Annual-Report_2024.pdf\" target=\"_blank\" rel=\"noopener\">\n\t\t\t\t\t\t\tDescargar\n\t\t\t\t\t<\/a>\n\t<p>990 Declaraci\u00f3n de impuestos federales<\/p>\n\t\t\t<a href=\"\" target=\"_self\">\n\t\t\t\t\t\t\t\u00a1\u00a1\u00a1Descarga!!!\n\t\t\t\t\t<\/a>\n<h2>\n\t\t\tFinanzas 2023\t<\/h2>\n\t<p>Informe anual<\/p>\n\t\t\t<a href=\"\" target=\"_self\">\n\t\t\t\t\t\t\t\u00a1\u00a1\u00a1Descarga!!!\n\t\t\t\t\t<\/a>\n\t<p>990 Declaraci\u00f3n de impuestos federales<\/p>\n\t\t\t<a href=\"\" target=\"_self\">\n\t\t\t\t\t\t\t\u00a1\u00a1\u00a1Descarga!!!\n\t\t\t\t\t<\/a>\n<h2>\n\t\t\t2022 Finanzas\t<\/h2>\n\t<p>Informe anual<\/p>\n\t\t\t<a href=\"\" target=\"_self\">\n\t\t\t\t\t\t\t\u00a1\u00a1\u00a1Descarga!!!\n\t\t\t\t\t<\/a>\n\t<p>990 Declaraci\u00f3n de impuestos federales<\/p>\n\t\t\t<a href=\"\" target=\"_self\">\n\t\t\t\t\t\t\t\u00a1\u00a1\u00a1Descarga!!!\n\t\t\t\t\t<\/a>\n<h2>\n\t\t\tFinanzas 2021\t<\/h2>\n\t<p>Informe anual<\/p>\n\t\t\t<a href=\"\" target=\"_self\">\n\t\t\t\t\t\t\t\u00a1\u00a1\u00a1Descarga!!!\n\t\t\t\t\t<\/a>\n\t<p>990 Declaraci\u00f3n de impuestos federales<\/p>\n\t\t\t<a href=\"\" target=\"_self\">\n\t\t\t\t\t\t\t\u00a1\u00a1\u00a1Descarga!!!\n\t\t\t\t\t<\/a>\n<h2>\n\t\t\tFinanzas 2020\t<\/h2>\n\t<p>Informe anual<\/p>\n\t\t\t<a href=\"\" target=\"_self\">\n\t\t\t\t\t\t\t\u00a1\u00a1\u00a1Descarga!!!\n\t\t\t\t\t<\/a>\n\t<p>990 Declaraci\u00f3n de impuestos federales<\/p>\n\t\t\t<a href=\"\" target=\"_self\">\n\t\t\t\t\t\t\t\u00a1\u00a1\u00a1Descarga!!!\n\t\t\t\t\t<\/a>\n<h2>\n\t\t\tMarcar la diferencia en la frontera\t<\/h2>\n\t<p>Su apoyo contribuye a proporcionar ayuda inmediata, fomentar la comprensi\u00f3n e impulsar el cambio a largo plazo para las personas desplazadas y las comunidades fronterizas.<\/p>\n\t\t\t<a href=\"https:\/\/www.flipcause.com\/secure\/donate\/MTExNjc0%20\" target=\"_blank\" rel=\"noopener\">\n\t\t\t\t\t\t\tRegala hoy\n\t\t\t\t\t<\/a>","protected":false},"excerpt":{"rendered":"<p>Our Financials Your generosity is creating meaningful connection and compassion at the border. Lives are being dignified, perspectives expanded, and communities strengthened. As stewards of your trust, we take financial integrity seriously and are deeply grateful for the support your giving represents. To honor that trust, we provide annual reports that reflect our commitment to&hellip;<\/p>","protected":false},"author":3,"featured_media":5286,"parent":0,"menu_order":0,"comment_status":"closed","ping_status":"closed","template":"","meta":{"_acf_changed":false,"_monsterinsights_skip_tracking":false,"_monsterinsights_sitenote_active":false,"_monsterinsights_sitenote_note":"","_monsterinsights_sitenote_category":0,"footnotes":""},"class_list":["post-5659","page","type-page","status-publish","has-post-thumbnail","hentry"],"acf":[],"yoast_head":"<!-- This site is optimized with the Yoast SEO plugin v27.4 - https:\/\/yoast.com\/product\/yoast-seo-wordpress\/ -->\n<title>Our Financials - Abara<\/title>\n<meta name=\"description\" content=\"Abara connects people across borders through immersive experiences and peace-building efforts along the U.S.\u2013Mexico border.\" \/>\n<meta name=\"robots\" content=\"index, follow, max-snippet:-1, max-image-preview:large, max-video-preview:-1\" \/>\n<link rel=\"canonical\" href=\"https:\/\/abara.org\/es\/our-financials\/\" \/>\n<meta property=\"og:locale\" content=\"es_MX\" \/>\n<meta property=\"og:type\" content=\"article\" \/>\n<meta property=\"og:title\" content=\"Our Financials - Abara\" \/>\n<meta property=\"og:description\" content=\"Abara connects people across borders through immersive experiences and peace-building efforts along the U.S.\u2013Mexico border.\" \/>\n<meta property=\"og:url\" content=\"https:\/\/abara.org\/es\/our-financials\/\" \/>\n<meta property=\"og:site_name\" content=\"Abara\" \/>\n<meta property=\"article:modified_time\" content=\"2025-06-20T17:21:09+00:00\" \/>\n<meta property=\"og:image\" content=\"https:\/\/abara.org\/wp-content\/uploads\/2021\/12\/be75bd_16263be66b704836ac25785e8ebad6b1mv2-scaled.webp\" \/>\n\t<meta property=\"og:image:width\" content=\"2560\" \/>\n\t<meta property=\"og:image:height\" content=\"1707\" \/>\n\t<meta property=\"og:image:type\" content=\"image\/webp\" \/>\n<meta name=\"twitter:card\" content=\"summary_large_image\" \/>\n<meta name=\"twitter:label1\" content=\"Tiempo de lectura\" \/>\n\t<meta name=\"twitter:data1\" content=\"2 minutos\" \/>\n<script type=\"application\/ld+json\" class=\"yoast-schema-graph\">{\"@context\":\"https:\\\/\\\/schema.org\",\"@graph\":[{\"@type\":\"WebPage\",\"@id\":\"https:\\\/\\\/abara.org\\\/our-financials\\\/\",\"url\":\"https:\\\/\\\/abara.org\\\/our-financials\\\/\",\"name\":\"Our Financials - Abara\",\"isPartOf\":{\"@id\":\"https:\\\/\\\/abara.org\\\/#website\"},\"primaryImageOfPage\":{\"@id\":\"https:\\\/\\\/abara.org\\\/our-financials\\\/#primaryimage\"},\"image\":{\"@id\":\"https:\\\/\\\/abara.org\\\/our-financials\\\/#primaryimage\"},\"thumbnailUrl\":\"https:\\\/\\\/abara.org\\\/wp-content\\\/uploads\\\/2021\\\/12\\\/be75bd_16263be66b704836ac25785e8ebad6b1mv2-scaled.webp\",\"datePublished\":\"2025-06-20T17:14:23+00:00\",\"dateModified\":\"2025-06-20T17:21:09+00:00\",\"description\":\"Abara connects people across borders through immersive experiences and peace-building efforts along the U.S.\u2013Mexico border.\",\"breadcrumb\":{\"@id\":\"https:\\\/\\\/abara.org\\\/our-financials\\\/#breadcrumb\"},\"inLanguage\":\"es\",\"potentialAction\":[{\"@type\":\"ReadAction\",\"target\":[\"https:\\\/\\\/abara.org\\\/our-financials\\\/\"]}]},{\"@type\":\"ImageObject\",\"inLanguage\":\"es\",\"@id\":\"https:\\\/\\\/abara.org\\\/our-financials\\\/#primaryimage\",\"url\":\"https:\\\/\\\/abara.org\\\/wp-content\\\/uploads\\\/2021\\\/12\\\/be75bd_16263be66b704836ac25785e8ebad6b1mv2-scaled.webp\",\"contentUrl\":\"https:\\\/\\\/abara.org\\\/wp-content\\\/uploads\\\/2021\\\/12\\\/be75bd_16263be66b704836ac25785e8ebad6b1mv2-scaled.webp\",\"width\":2560,\"height\":1707},{\"@type\":\"BreadcrumbList\",\"@id\":\"https:\\\/\\\/abara.org\\\/our-financials\\\/#breadcrumb\",\"itemListElement\":[{\"@type\":\"ListItem\",\"position\":1,\"name\":\"Home\",\"item\":\"https:\\\/\\\/abara.org\\\/\"},{\"@type\":\"ListItem\",\"position\":2,\"name\":\"Our Financials\"}]},{\"@type\":\"WebSite\",\"@id\":\"https:\\\/\\\/abara.org\\\/#website\",\"url\":\"https:\\\/\\\/abara.org\\\/\",\"name\":\"Abara\",\"description\":\"Belonging Beyond Borders in El Paso, TX\",\"potentialAction\":[{\"@type\":\"SearchAction\",\"target\":{\"@type\":\"EntryPoint\",\"urlTemplate\":\"https:\\\/\\\/abara.org\\\/?s={search_term_string}\"},\"query-input\":{\"@type\":\"PropertyValueSpecification\",\"valueRequired\":true,\"valueName\":\"search_term_string\"}}],\"inLanguage\":\"es\"}]}<\/script>\n<!-- \/ Yoast SEO plugin. -->","yoast_head_json":{"title":"Our Financials - Abara","description":"Abara conecta a las personas a trav\u00e9s de las fronteras mediante experiencias inmersivas y esfuerzos de consolidaci\u00f3n de la paz a lo largo de la frontera entre Estados Unidos y M\u00e9xico.","robots":{"index":"index","follow":"follow","max-snippet":"max-snippet:-1","max-image-preview":"max-image-preview:large","max-video-preview":"max-video-preview:-1"},"canonical":"https:\/\/abara.org\/es\/our-financials\/","og_locale":"es_MX","og_type":"article","og_title":"Our Financials - Abara","og_description":"Abara connects people across borders through immersive experiences and peace-building efforts along the U.S.\u2013Mexico border.","og_url":"https:\/\/abara.org\/es\/our-financials\/","og_site_name":"Abara","article_modified_time":"2025-06-20T17:21:09+00:00","og_image":[{"width":2560,"height":1707,"url":"https:\/\/abara.org\/wp-content\/uploads\/2021\/12\/be75bd_16263be66b704836ac25785e8ebad6b1mv2-scaled.webp","type":"image\/webp"}],"twitter_card":"summary_large_image","twitter_misc":{"Tiempo de lectura":"2 minutos"},"schema":{"@context":"https:\/\/schema.org","@graph":[{"@type":"WebPage","@id":"https:\/\/abara.org\/our-financials\/","url":"https:\/\/abara.org\/our-financials\/","name":"Our Financials - Abara","isPartOf":{"@id":"https:\/\/abara.org\/#website"},"primaryImageOfPage":{"@id":"https:\/\/abara.org\/our-financials\/#primaryimage"},"image":{"@id":"https:\/\/abara.org\/our-financials\/#primaryimage"},"thumbnailUrl":"https:\/\/abara.org\/wp-content\/uploads\/2021\/12\/be75bd_16263be66b704836ac25785e8ebad6b1mv2-scaled.webp","datePublished":"2025-06-20T17:14:23+00:00","dateModified":"2025-06-20T17:21:09+00:00","description":"Abara conecta a las personas a trav\u00e9s de las fronteras mediante experiencias inmersivas y esfuerzos de consolidaci\u00f3n de la paz a lo largo de la frontera entre Estados Unidos y M\u00e9xico.","breadcrumb":{"@id":"https:\/\/abara.org\/our-financials\/#breadcrumb"},"inLanguage":"es","potentialAction":[{"@type":"ReadAction","target":["https:\/\/abara.org\/our-financials\/"]}]},{"@type":"ImageObject","inLanguage":"es","@id":"https:\/\/abara.org\/our-financials\/#primaryimage","url":"https:\/\/abara.org\/wp-content\/uploads\/2021\/12\/be75bd_16263be66b704836ac25785e8ebad6b1mv2-scaled.webp","contentUrl":"https:\/\/abara.org\/wp-content\/uploads\/2021\/12\/be75bd_16263be66b704836ac25785e8ebad6b1mv2-scaled.webp","width":2560,"height":1707},{"@type":"BreadcrumbList","@id":"https:\/\/abara.org\/our-financials\/#breadcrumb","itemListElement":[{"@type":"ListItem","position":1,"name":"Home","item":"https:\/\/abara.org\/"},{"@type":"ListItem","position":2,"name":"Our Financials"}]},{"@type":"WebSite","@id":"https:\/\/abara.org\/#website","url":"https:\/\/abara.org\/","name":"Abara","description":"Pertenecer m\u00e1s all\u00e1 de las fronteras en El Paso, TX","potentialAction":[{"@type":"SearchAction","target":{"@type":"EntryPoint","urlTemplate":"https:\/\/abara.org\/?s={search_term_string}"},"query-input":{"@type":"PropertyValueSpecification","valueRequired":true,"valueName":"search_term_string"}}],"inLanguage":"es"}]}},"_links":{"self":[{"href":"https:\/\/abara.org\/es\/wp-json\/wp\/v2\/pages\/5659","targetHints":{"allow":["GET"]}}],"collection":[{"href":"https:\/\/abara.org\/es\/wp-json\/wp\/v2\/pages"}],"about":[{"href":"https:\/\/abara.org\/es\/wp-json\/wp\/v2\/types\/page"}],"author":[{"embeddable":true,"href":"https:\/\/abara.org\/es\/wp-json\/wp\/v2\/users\/3"}],"replies":[{"embeddable":true,"href":"https:\/\/abara.org\/es\/wp-json\/wp\/v2\/comments?post=5659"}],"version-history":[{"count":0,"href":"https:\/\/abara.org\/es\/wp-json\/wp\/v2\/pages\/5659\/revisions"}],"wp:featuredmedia":[{"embeddable":true,"href":"https:\/\/abara.org\/es\/wp-json\/wp\/v2\/media\/5286"}],"wp:attachment":[{"href":"https:\/\/abara.org\/es\/wp-json\/wp\/v2\/media?parent=5659"}],"curies":[{"name":"wp","href":"https:\/\/api.w.org\/{rel}","templated":true}]}}