{"id":5649,"date":"2025-06-18T18:48:23","date_gmt":"2025-06-18T18:48:23","guid":{"rendered":"https:\/\/abara2.wpenginepowered.com\/?page_id=5649"},"modified":"2025-07-18T19:30:07","modified_gmt":"2025-07-18T19:30:07","slug":"contact","status":"publish","type":"page","link":"https:\/\/abara.org\/es\/contact\/","title":{"rendered":"P\u00f3ngase en contacto con"},"content":{"rendered":"<img decoding=\"async\" src=\"https:\/\/abara.org\/wp-content\/uploads\/2025\/06\/DSC0011_websize.jpg\" alt=\"Abara\" itemprop=\"image\" height=\"1365\" width=\"2048\" title=\"Abara\" onerror=\"this.style.display='none'\" loading='lazy' \/>\n<h1>\n\t\t\tContacte con nosotros\t<\/h1>\n\t<p>Estamos deseando ponernos en contacto con usted. D\u00edganos c\u00f3mo podemos ayudarle y nuestro equipo se pondr\u00e1 en contacto con usted.<\/p>\n\t1820 West Paisano Dr.<br \/>\nEl Paso, TX 79922<br \/>\n915-282-2515<br \/>\nhospitality@abara.org","protected":false},"excerpt":{"rendered":"<p>Contacte con nosotros \u00a1Estamos deseando ponernos en contacto con usted! H\u00e1ganos saber c\u00f3mo podemos servirle, y nuestro equipo estar\u00e1 en contacto. 1820 West Paisano Dr. El Paso, TX 79922 915-282-2515 hospitality@abara.org<\/p>","protected":false},"author":3,"featured_media":5286,"parent":0,"menu_order":0,"comment_status":"closed","ping_status":"closed","template":"","meta":{"_acf_changed":false,"_monsterinsights_skip_tracking":false,"_monsterinsights_sitenote_active":false,"_monsterinsights_sitenote_note":"","_monsterinsights_sitenote_category":0,"footnotes":""},"class_list":["post-5649","page","type-page","status-publish","has-post-thumbnail","hentry"],"acf":[],"yoast_head":"<!-- This site is optimized with the Yoast SEO plugin v27.4 - https:\/\/yoast.com\/product\/yoast-seo-wordpress\/ -->\n<title>Contact - Abara<\/title>\n<meta name=\"description\" content=\"Abara connects people across borders through immersive experiences and peace-building efforts along the U.S.\u2013Mexico border.\" \/>\n<meta name=\"robots\" content=\"index, follow, max-snippet:-1, max-image-preview:large, max-video-preview:-1\" \/>\n<link rel=\"canonical\" href=\"https:\/\/abara.org\/es\/contact\/\" \/>\n<meta property=\"og:locale\" content=\"es_MX\" \/>\n<meta property=\"og:type\" content=\"article\" \/>\n<meta property=\"og:title\" content=\"Contact - Abara\" \/>\n<meta property=\"og:description\" content=\"Abara connects people across borders through immersive experiences and peace-building efforts along the U.S.\u2013Mexico border.\" \/>\n<meta property=\"og:url\" content=\"https:\/\/abara.org\/es\/contact\/\" \/>\n<meta property=\"og:site_name\" content=\"Abara\" \/>\n<meta property=\"article:modified_time\" content=\"2025-07-18T19:30:07+00:00\" \/>\n<meta property=\"og:image\" content=\"https:\/\/abara.org\/wp-content\/uploads\/2021\/12\/be75bd_16263be66b704836ac25785e8ebad6b1mv2-scaled.webp\" \/>\n\t<meta property=\"og:image:width\" content=\"2560\" \/>\n\t<meta property=\"og:image:height\" content=\"1707\" \/>\n\t<meta property=\"og:image:type\" content=\"image\/webp\" \/>\n<meta name=\"twitter:card\" content=\"summary_large_image\" \/>\n<meta name=\"twitter:label1\" content=\"Tiempo de lectura\" \/>\n\t<meta name=\"twitter:data1\" content=\"1 minuto\" \/>\n<script type=\"application\/ld+json\" class=\"yoast-schema-graph\">{\"@context\":\"https:\\\/\\\/schema.org\",\"@graph\":[{\"@type\":\"WebPage\",\"@id\":\"https:\\\/\\\/abara.org\\\/contact\\\/\",\"url\":\"https:\\\/\\\/abara.org\\\/contact\\\/\",\"name\":\"Contact - Abara\",\"isPartOf\":{\"@id\":\"https:\\\/\\\/abara.org\\\/#website\"},\"primaryImageOfPage\":{\"@id\":\"https:\\\/\\\/abara.org\\\/contact\\\/#primaryimage\"},\"image\":{\"@id\":\"https:\\\/\\\/abara.org\\\/contact\\\/#primaryimage\"},\"thumbnailUrl\":\"https:\\\/\\\/abara.org\\\/wp-content\\\/uploads\\\/2021\\\/12\\\/be75bd_16263be66b704836ac25785e8ebad6b1mv2-scaled.webp\",\"datePublished\":\"2025-06-18T18:48:23+00:00\",\"dateModified\":\"2025-07-18T19:30:07+00:00\",\"description\":\"Abara connects people across borders through immersive experiences and peace-building efforts along the U.S.\u2013Mexico border.\",\"breadcrumb\":{\"@id\":\"https:\\\/\\\/abara.org\\\/contact\\\/#breadcrumb\"},\"inLanguage\":\"es\",\"potentialAction\":[{\"@type\":\"ReadAction\",\"target\":[\"https:\\\/\\\/abara.org\\\/contact\\\/\"]}]},{\"@type\":\"ImageObject\",\"inLanguage\":\"es\",\"@id\":\"https:\\\/\\\/abara.org\\\/contact\\\/#primaryimage\",\"url\":\"https:\\\/\\\/abara.org\\\/wp-content\\\/uploads\\\/2021\\\/12\\\/be75bd_16263be66b704836ac25785e8ebad6b1mv2-scaled.webp\",\"contentUrl\":\"https:\\\/\\\/abara.org\\\/wp-content\\\/uploads\\\/2021\\\/12\\\/be75bd_16263be66b704836ac25785e8ebad6b1mv2-scaled.webp\",\"width\":2560,\"height\":1707},{\"@type\":\"BreadcrumbList\",\"@id\":\"https:\\\/\\\/abara.org\\\/contact\\\/#breadcrumb\",\"itemListElement\":[{\"@type\":\"ListItem\",\"position\":1,\"name\":\"Home\",\"item\":\"https:\\\/\\\/abara.org\\\/\"},{\"@type\":\"ListItem\",\"position\":2,\"name\":\"Contact\"}]},{\"@type\":\"WebSite\",\"@id\":\"https:\\\/\\\/abara.org\\\/#website\",\"url\":\"https:\\\/\\\/abara.org\\\/\",\"name\":\"Abara\",\"description\":\"Belonging Beyond Borders in El Paso, TX\",\"potentialAction\":[{\"@type\":\"SearchAction\",\"target\":{\"@type\":\"EntryPoint\",\"urlTemplate\":\"https:\\\/\\\/abara.org\\\/?s={search_term_string}\"},\"query-input\":{\"@type\":\"PropertyValueSpecification\",\"valueRequired\":true,\"valueName\":\"search_term_string\"}}],\"inLanguage\":\"es\"}]}<\/script>\n<!-- \/ Yoast SEO plugin. -->","yoast_head_json":{"title":"Contacto - Abara","description":"Abara conecta a las personas a trav\u00e9s de las fronteras mediante experiencias inmersivas y esfuerzos de consolidaci\u00f3n de la paz a lo largo de la frontera entre Estados Unidos y M\u00e9xico.","robots":{"index":"index","follow":"follow","max-snippet":"max-snippet:-1","max-image-preview":"max-image-preview:large","max-video-preview":"max-video-preview:-1"},"canonical":"https:\/\/abara.org\/es\/contact\/","og_locale":"es_MX","og_type":"article","og_title":"Contact - Abara","og_description":"Abara connects people across borders through immersive experiences and peace-building efforts along the U.S.\u2013Mexico border.","og_url":"https:\/\/abara.org\/es\/contact\/","og_site_name":"Abara","article_modified_time":"2025-07-18T19:30:07+00:00","og_image":[{"width":2560,"height":1707,"url":"https:\/\/abara.org\/wp-content\/uploads\/2021\/12\/be75bd_16263be66b704836ac25785e8ebad6b1mv2-scaled.webp","type":"image\/webp"}],"twitter_card":"summary_large_image","twitter_misc":{"Tiempo de lectura":"1 minuto"},"schema":{"@context":"https:\/\/schema.org","@graph":[{"@type":"WebPage","@id":"https:\/\/abara.org\/contact\/","url":"https:\/\/abara.org\/contact\/","name":"Contacto - Abara","isPartOf":{"@id":"https:\/\/abara.org\/#website"},"primaryImageOfPage":{"@id":"https:\/\/abara.org\/contact\/#primaryimage"},"image":{"@id":"https:\/\/abara.org\/contact\/#primaryimage"},"thumbnailUrl":"https:\/\/abara.org\/wp-content\/uploads\/2021\/12\/be75bd_16263be66b704836ac25785e8ebad6b1mv2-scaled.webp","datePublished":"2025-06-18T18:48:23+00:00","dateModified":"2025-07-18T19:30:07+00:00","description":"Abara conecta a las personas a trav\u00e9s de las fronteras mediante experiencias inmersivas y esfuerzos de consolidaci\u00f3n de la paz a lo largo de la frontera entre Estados Unidos y M\u00e9xico.","breadcrumb":{"@id":"https:\/\/abara.org\/contact\/#breadcrumb"},"inLanguage":"es","potentialAction":[{"@type":"ReadAction","target":["https:\/\/abara.org\/contact\/"]}]},{"@type":"ImageObject","inLanguage":"es","@id":"https:\/\/abara.org\/contact\/#primaryimage","url":"https:\/\/abara.org\/wp-content\/uploads\/2021\/12\/be75bd_16263be66b704836ac25785e8ebad6b1mv2-scaled.webp","contentUrl":"https:\/\/abara.org\/wp-content\/uploads\/2021\/12\/be75bd_16263be66b704836ac25785e8ebad6b1mv2-scaled.webp","width":2560,"height":1707},{"@type":"BreadcrumbList","@id":"https:\/\/abara.org\/contact\/#breadcrumb","itemListElement":[{"@type":"ListItem","position":1,"name":"Home","item":"https:\/\/abara.org\/"},{"@type":"ListItem","position":2,"name":"Contact"}]},{"@type":"WebSite","@id":"https:\/\/abara.org\/#website","url":"https:\/\/abara.org\/","name":"Abara","description":"Pertenecer m\u00e1s all\u00e1 de las fronteras en El Paso, TX","potentialAction":[{"@type":"SearchAction","target":{"@type":"EntryPoint","urlTemplate":"https:\/\/abara.org\/?s={search_term_string}"},"query-input":{"@type":"PropertyValueSpecification","valueRequired":true,"valueName":"search_term_string"}}],"inLanguage":"es"}]}},"_links":{"self":[{"href":"https:\/\/abara.org\/es\/wp-json\/wp\/v2\/pages\/5649","targetHints":{"allow":["GET"]}}],"collection":[{"href":"https:\/\/abara.org\/es\/wp-json\/wp\/v2\/pages"}],"about":[{"href":"https:\/\/abara.org\/es\/wp-json\/wp\/v2\/types\/page"}],"author":[{"embeddable":true,"href":"https:\/\/abara.org\/es\/wp-json\/wp\/v2\/users\/3"}],"replies":[{"embeddable":true,"href":"https:\/\/abara.org\/es\/wp-json\/wp\/v2\/comments?post=5649"}],"version-history":[{"count":0,"href":"https:\/\/abara.org\/es\/wp-json\/wp\/v2\/pages\/5649\/revisions"}],"wp:featuredmedia":[{"embeddable":true,"href":"https:\/\/abara.org\/es\/wp-json\/wp\/v2\/media\/5286"}],"wp:attachment":[{"href":"https:\/\/abara.org\/es\/wp-json\/wp\/v2\/media?parent=5649"}],"curies":[{"name":"wp","href":"https:\/\/api.w.org\/{rel}","templated":true}]}}