{"id":5565,"date":"2025-06-06T18:04:19","date_gmt":"2025-06-06T18:04:19","guid":{"rendered":"https:\/\/abara2.wpenginepowered.com\/?page_id=5565"},"modified":"2025-06-06T21:13:59","modified_gmt":"2025-06-06T21:13:59","slug":"giving-faqs","status":"publish","type":"page","link":"https:\/\/abara.org\/es\/giving-faqs\/","title":{"rendered":"Preguntas frecuentes"},"content":{"rendered":"<h1>\n\t\t\tPreguntas frecuentes\t<\/h1>\n\t<p>Encuentre respuestas a preguntas frecuentes sobre donaciones, transparencia y c\u00f3mo su apoyo contribuye a crear un cambio significativo en la frontera y m\u00e1s all\u00e1.<\/p>\n\t\t\t\t\u00bfA qu\u00e9 se destina mi donaci\u00f3n?\n\t\t\t\t<p>Abara earned the 2024 Guidestar Platinum Transparency Seal. Please note that donations made through this link sustain Abara&#8217;s heartbeat to inspire connections beyond borders and will not be designated to a specific campaign or location unless requested. Your gift will be used where it is needed most.<\/p>\n\t\t\t\t\u00bfMi donaci\u00f3n es desgravable?\n\t\t\t\t<p>Abara, Inc. is a 501(c)3 tax-exempt organization, and your donation is tax-deductible within the guidelines of U.S. law. To claim a donation as a deduction on your U.S. taxes, please keep your email donation receipt as your official record. We&#8217;ll send it to you upon successful completion of your donation. Abara&#8217;s federal tax ID is EIN: 84-3036435<\/p>\n\t\t\t\t\u00bfRecibir\u00e9 un recibo?\n\t\t\t\t<p>Abara le enviar\u00e1 un resumen anual de fin de a\u00f1o a finales de enero. Si da en l\u00ednea, por favor, aseg\u00farese de guardar una copia de su recibo digital autom\u00e1tico a efectos fiscales. Si tiene preguntas, escriba a <a href=\"mailto:jonathan@abara.org\" target=\"_blank\" rel=\"noopener\">jonathan@abara.org<\/a><\/p>\n\t\t\t\t\u00bfC\u00f3mo dono acciones?\n\t\t\t\t<p>Las donaciones pueden hacerse a Abara Inc. a trav\u00e9s de<a href=\"https:\/\/stockdonator.com\/stock-information\/?oid=ccf475f7\"> Stock Donator.com<\/a> cuya cuenta se mantiene en Fidelity Investments. P\u00f3ngase en contacto con su asesor fiscal o financiero para obtener m\u00e1s informaci\u00f3n.<a href=\"https:\/\/stockdonator.com\/stock-information\/?oid=ccf475f7\"> Abara&#8217;s Web Stock Page | DTC Form<\/a><\/p>\n\t\t\t\t\u00bfPuedo donar criptomoneda?\n\t\t\t\t<p>Donating cryptocurrency is a non-taxable event, meaning you do not owe capital gains tax on the appreciated amount and can deduct it on your taxes. Please contact your tax or financial advisor for more information. Abara&#8217;s secure link with<a href=\"https:\/\/thegivingblock.com\/donate\/\"> Aqu\u00ed encontrar\u00e1 el Bloque de donaciones.<\/a><\/p>\n\t\t\t\t\u00bfPuedo donar por correo o tel\u00e9fono?\n\t\t\t\t<p>Yes! To donate by phone, please text &#8220;Donate&#8221; to Abara&#8217;s Text Number at 915-265-4449. To speak with someone personally, please call our office at 915-201-0825<\/p>\n<p>ABARA OFFICE | Unidad 4<br \/>1820 West Paisano Dr.<br \/>El Paso TX 79922<\/p>\n<p>Horario de oficina<br \/>8 am &#8211; 4 pm MT<\/p>\n\t\t\t\t\u00bfEs segura mi donaci\u00f3n?\n\t\t\t\t<p>S\u00ed. La \u00fanica forma de obtener informaci\u00f3n identificativa sobre usted cuando visita nuestro sitio es si decide proporcionarnos esa informaci\u00f3n envi\u00e1ndonos un correo electr\u00f3nico, haciendo una donaci\u00f3n o suscribi\u00e9ndose para recibir nuestras comunicaciones.<\/p>\n<p>Utilizamos la tecnolog\u00eda SSL (secure socket layer) est\u00e1ndar del sector para proteger su informaci\u00f3n y proporcionar un entorno seguro para las donaciones en l\u00ednea. No venderemos, intercambiaremos ni compartiremos su informaci\u00f3n personal con nadie, ni enviaremos correos a donantes en nombre de otras organizaciones, y solo compartiremos informaci\u00f3n personal si nos ha dado permiso espec\u00edfico para hacerlo.<\/p>\n\t\t\t\t\u00bfOfrecen un Informe de Impacto de Fin de A\u00f1o?\n\t\t\t\t<p>S\u00ed, aqu\u00ed tiene un enlace a nuestro \u00faltimo informe anual:<\/p>\n<p><a href=\"https:\/\/abara.org\/wp-content\/uploads\/2025\/05\/Abara_Annual-Report_2024.pdf\" target=\"_blank\" rel=\"noopener\">Informe anual de Abara 2024<\/a><\/p>\n\t\t\t\t\u00bfPor qu\u00e9 donar a Abara?\n\t\t\t\t<p>Los siguientes distintivos gu\u00edan nuestra visi\u00f3n:<\/p>\n<ul>\n<li><strong>Dignity &#8211;<\/strong> Afirmamos el valor inherente de cada persona a la luz de nuestra humanidad compartida.<\/li>\n<li><strong>Empathy &#8211;<\/strong> Abordamos cada interacci\u00f3n con curiosidad, compasi\u00f3n y aut\u00e9ntica atenci\u00f3n.<\/li>\n<li><strong>Connection &#8211;<\/strong> Unimos corazones y mentes para fomentar la empat\u00eda y amplificar el impacto.<\/li>\n<li><strong>Courage &#8211;<\/strong> Nos adentramos en la incomodidad para tender puentes y cultivar relaciones.<\/li>\n<li><strong>Adaptability &#8211;<\/strong> Somos \u00e1giles y aceptamos el cambio con creatividad e ingenio.<\/li>\n<\/ul>","protected":false},"excerpt":{"rendered":"<p>Giving FAQs Find answers to common questions about giving, transparency, and how your support helps create meaningful change at the border and beyond. What does my gift go toward? Abara earned the 2024 Guidestar Platinum Transparency Seal. Please note that donations made through this link sustain Abara&#8217;s heartbeat to inspire connections beyond borders and will&hellip;<\/p>","protected":false},"author":3,"featured_media":5286,"parent":0,"menu_order":0,"comment_status":"closed","ping_status":"closed","template":"","meta":{"_acf_changed":false,"_monsterinsights_skip_tracking":false,"_monsterinsights_sitenote_active":false,"_monsterinsights_sitenote_note":"","_monsterinsights_sitenote_category":0,"footnotes":""},"class_list":["post-5565","page","type-page","status-publish","has-post-thumbnail","hentry"],"acf":[],"yoast_head":"<!-- This site is optimized with the Yoast SEO plugin v27.3 - https:\/\/yoast.com\/product\/yoast-seo-wordpress\/ -->\n<title>Giving FAQs - Abara<\/title>\n<meta name=\"description\" content=\"Abara connects people across borders through immersive experiences and peace-building efforts along the U.S.\u2013Mexico border.\" \/>\n<meta name=\"robots\" content=\"index, follow, max-snippet:-1, max-image-preview:large, max-video-preview:-1\" \/>\n<link rel=\"canonical\" href=\"https:\/\/abara.org\/es\/giving-faqs\/\" \/>\n<meta property=\"og:locale\" content=\"es_MX\" \/>\n<meta property=\"og:type\" content=\"article\" \/>\n<meta property=\"og:title\" content=\"Giving FAQs - Abara\" \/>\n<meta property=\"og:description\" content=\"Abara connects people across borders through immersive experiences and peace-building efforts along the U.S.\u2013Mexico border.\" \/>\n<meta property=\"og:url\" content=\"https:\/\/abara.org\/es\/giving-faqs\/\" \/>\n<meta property=\"og:site_name\" content=\"Abara\" \/>\n<meta property=\"article:modified_time\" content=\"2025-06-06T21:13:59+00:00\" \/>\n<meta property=\"og:image\" content=\"https:\/\/abara.org\/wp-content\/uploads\/2021\/12\/be75bd_16263be66b704836ac25785e8ebad6b1mv2-scaled.webp\" \/>\n\t<meta property=\"og:image:width\" content=\"2560\" \/>\n\t<meta property=\"og:image:height\" content=\"1707\" \/>\n\t<meta property=\"og:image:type\" content=\"image\/webp\" \/>\n<meta name=\"twitter:card\" content=\"summary_large_image\" \/>\n<meta name=\"twitter:label1\" content=\"Tiempo de lectura\" \/>\n\t<meta name=\"twitter:data1\" content=\"2 minutos\" \/>\n<script type=\"application\/ld+json\" class=\"yoast-schema-graph\">{\"@context\":\"https:\\\/\\\/schema.org\",\"@graph\":[{\"@type\":\"WebPage\",\"@id\":\"https:\\\/\\\/abara.org\\\/es\\\/giving-faqs\\\/\",\"url\":\"https:\\\/\\\/abara.org\\\/es\\\/giving-faqs\\\/\",\"name\":\"Giving FAQs - Abara\",\"isPartOf\":{\"@id\":\"https:\\\/\\\/abara.org\\\/#website\"},\"primaryImageOfPage\":{\"@id\":\"https:\\\/\\\/abara.org\\\/es\\\/giving-faqs\\\/#primaryimage\"},\"image\":{\"@id\":\"https:\\\/\\\/abara.org\\\/es\\\/giving-faqs\\\/#primaryimage\"},\"thumbnailUrl\":\"https:\\\/\\\/abara.org\\\/wp-content\\\/uploads\\\/2021\\\/12\\\/be75bd_16263be66b704836ac25785e8ebad6b1mv2-scaled.webp\",\"datePublished\":\"2025-06-06T18:04:19+00:00\",\"dateModified\":\"2025-06-06T21:13:59+00:00\",\"description\":\"Abara connects people across borders through immersive experiences and peace-building efforts along the U.S.\u2013Mexico border.\",\"breadcrumb\":{\"@id\":\"https:\\\/\\\/abara.org\\\/es\\\/giving-faqs\\\/#breadcrumb\"},\"inLanguage\":\"es\",\"potentialAction\":[{\"@type\":\"ReadAction\",\"target\":[\"https:\\\/\\\/abara.org\\\/es\\\/giving-faqs\\\/\"]}]},{\"@type\":\"ImageObject\",\"inLanguage\":\"es\",\"@id\":\"https:\\\/\\\/abara.org\\\/es\\\/giving-faqs\\\/#primaryimage\",\"url\":\"https:\\\/\\\/abara.org\\\/wp-content\\\/uploads\\\/2021\\\/12\\\/be75bd_16263be66b704836ac25785e8ebad6b1mv2-scaled.webp\",\"contentUrl\":\"https:\\\/\\\/abara.org\\\/wp-content\\\/uploads\\\/2021\\\/12\\\/be75bd_16263be66b704836ac25785e8ebad6b1mv2-scaled.webp\",\"width\":2560,\"height\":1707},{\"@type\":\"BreadcrumbList\",\"@id\":\"https:\\\/\\\/abara.org\\\/es\\\/giving-faqs\\\/#breadcrumb\",\"itemListElement\":[{\"@type\":\"ListItem\",\"position\":1,\"name\":\"Home\",\"item\":\"https:\\\/\\\/abara.org\\\/\"},{\"@type\":\"ListItem\",\"position\":2,\"name\":\"Giving FAQs\"}]},{\"@type\":\"WebSite\",\"@id\":\"https:\\\/\\\/abara.org\\\/#website\",\"url\":\"https:\\\/\\\/abara.org\\\/\",\"name\":\"Abara\",\"description\":\"Belonging Beyond Borders in El Paso, TX\",\"potentialAction\":[{\"@type\":\"SearchAction\",\"target\":{\"@type\":\"EntryPoint\",\"urlTemplate\":\"https:\\\/\\\/abara.org\\\/?s={search_term_string}\"},\"query-input\":{\"@type\":\"PropertyValueSpecification\",\"valueRequired\":true,\"valueName\":\"search_term_string\"}}],\"inLanguage\":\"es\"}]}<\/script>\n<!-- \/ Yoast SEO plugin. -->","yoast_head_json":{"title":"Giving FAQs - Abara","description":"Abara conecta a las personas a trav\u00e9s de las fronteras mediante experiencias inmersivas y esfuerzos de consolidaci\u00f3n de la paz a lo largo de la frontera entre Estados Unidos y M\u00e9xico.","robots":{"index":"index","follow":"follow","max-snippet":"max-snippet:-1","max-image-preview":"max-image-preview:large","max-video-preview":"max-video-preview:-1"},"canonical":"https:\/\/abara.org\/es\/giving-faqs\/","og_locale":"es_MX","og_type":"article","og_title":"Giving FAQs - Abara","og_description":"Abara connects people across borders through immersive experiences and peace-building efforts along the U.S.\u2013Mexico border.","og_url":"https:\/\/abara.org\/es\/giving-faqs\/","og_site_name":"Abara","article_modified_time":"2025-06-06T21:13:59+00:00","og_image":[{"width":2560,"height":1707,"url":"https:\/\/abara.org\/wp-content\/uploads\/2021\/12\/be75bd_16263be66b704836ac25785e8ebad6b1mv2-scaled.webp","type":"image\/webp"}],"twitter_card":"summary_large_image","twitter_misc":{"Tiempo de lectura":"2 minutos"},"schema":{"@context":"https:\/\/schema.org","@graph":[{"@type":"WebPage","@id":"https:\/\/abara.org\/es\/giving-faqs\/","url":"https:\/\/abara.org\/es\/giving-faqs\/","name":"Giving FAQs - Abara","isPartOf":{"@id":"https:\/\/abara.org\/#website"},"primaryImageOfPage":{"@id":"https:\/\/abara.org\/es\/giving-faqs\/#primaryimage"},"image":{"@id":"https:\/\/abara.org\/es\/giving-faqs\/#primaryimage"},"thumbnailUrl":"https:\/\/abara.org\/wp-content\/uploads\/2021\/12\/be75bd_16263be66b704836ac25785e8ebad6b1mv2-scaled.webp","datePublished":"2025-06-06T18:04:19+00:00","dateModified":"2025-06-06T21:13:59+00:00","description":"Abara conecta a las personas a trav\u00e9s de las fronteras mediante experiencias inmersivas y esfuerzos de consolidaci\u00f3n de la paz a lo largo de la frontera entre Estados Unidos y M\u00e9xico.","breadcrumb":{"@id":"https:\/\/abara.org\/es\/giving-faqs\/#breadcrumb"},"inLanguage":"es","potentialAction":[{"@type":"ReadAction","target":["https:\/\/abara.org\/es\/giving-faqs\/"]}]},{"@type":"ImageObject","inLanguage":"es","@id":"https:\/\/abara.org\/es\/giving-faqs\/#primaryimage","url":"https:\/\/abara.org\/wp-content\/uploads\/2021\/12\/be75bd_16263be66b704836ac25785e8ebad6b1mv2-scaled.webp","contentUrl":"https:\/\/abara.org\/wp-content\/uploads\/2021\/12\/be75bd_16263be66b704836ac25785e8ebad6b1mv2-scaled.webp","width":2560,"height":1707},{"@type":"BreadcrumbList","@id":"https:\/\/abara.org\/es\/giving-faqs\/#breadcrumb","itemListElement":[{"@type":"ListItem","position":1,"name":"Home","item":"https:\/\/abara.org\/"},{"@type":"ListItem","position":2,"name":"Giving FAQs"}]},{"@type":"WebSite","@id":"https:\/\/abara.org\/#website","url":"https:\/\/abara.org\/","name":"Abara","description":"Pertenecer m\u00e1s all\u00e1 de las fronteras en El Paso, TX","potentialAction":[{"@type":"SearchAction","target":{"@type":"EntryPoint","urlTemplate":"https:\/\/abara.org\/?s={search_term_string}"},"query-input":{"@type":"PropertyValueSpecification","valueRequired":true,"valueName":"search_term_string"}}],"inLanguage":"es"}]}},"_links":{"self":[{"href":"https:\/\/abara.org\/es\/wp-json\/wp\/v2\/pages\/5565","targetHints":{"allow":["GET"]}}],"collection":[{"href":"https:\/\/abara.org\/es\/wp-json\/wp\/v2\/pages"}],"about":[{"href":"https:\/\/abara.org\/es\/wp-json\/wp\/v2\/types\/page"}],"author":[{"embeddable":true,"href":"https:\/\/abara.org\/es\/wp-json\/wp\/v2\/users\/3"}],"replies":[{"embeddable":true,"href":"https:\/\/abara.org\/es\/wp-json\/wp\/v2\/comments?post=5565"}],"version-history":[{"count":0,"href":"https:\/\/abara.org\/es\/wp-json\/wp\/v2\/pages\/5565\/revisions"}],"wp:featuredmedia":[{"embeddable":true,"href":"https:\/\/abara.org\/es\/wp-json\/wp\/v2\/media\/5286"}],"wp:attachment":[{"href":"https:\/\/abara.org\/es\/wp-json\/wp\/v2\/media?parent=5565"}],"curies":[{"name":"wp","href":"https:\/\/api.w.org\/{rel}","templated":true}]}}