{"id":5537,"date":"2025-06-05T21:51:15","date_gmt":"2025-06-05T21:51:15","guid":{"rendered":"https:\/\/abara2.wpenginepowered.com\/?page_id=5537"},"modified":"2025-11-24T15:58:10","modified_gmt":"2025-11-24T15:58:10","slug":"ways-to-give","status":"publish","type":"page","link":"https:\/\/abara.org\/es\/ways-to-give\/","title":{"rendered":"Formas de donar"},"content":{"rendered":"<img decoding=\"async\" src=\"https:\/\/abara.org\/wp-content\/uploads\/2025\/07\/e5e06c1f37387748aac55cbde0b4267e7aaab1e9.jpg\" alt=\"e5e06c1f37387748aac55cbde0b4267e7aaab1e9\" itemprop=\"image\" height=\"913\" width=\"1144\" title=\"e5e06c1f37387748aac55cbde0b4267e7aaab1e9\" onerror=\"this.style.display='none'\" loading=\"lazy\" \/>\n<h1>\n\t\t\tFormas de donar\t<\/h1>\n\t<p>Su apoyo visionario proporciona ayuda, fomenta el entendimiento, impulsa el cambio y transforma un antiguo paso fronterizo en Abara House, el centro que impulsa todos los aspectos de nuestra misi\u00f3n.<\/p>\n\t<a id=\"preview_inline_popup_button\" href=\"https:\/\/donorbox.org\/give-today-803237?\"><img decoding=\"async\" src=\"https:\/\/donorbox.org\/images\/white_logo.svg\"\/>Donar hoy<\/a>\n\t\t\t\t<img decoding=\"async\" src=\"https:\/\/abara.org\/wp-content\/uploads\/2025\/06\/Girle-07206.jpg\" alt=\"Girle-07206\" itemprop=\"image\" height=\"477\" width=\"761\" title=\"Girle-07206\" onerror=\"this.style.display='none'\" loading=\"lazy\" \/>\n<h3>\n\t\t\tEnviar un cheque\t<\/h3>\n\t<p>You can give by mail to avoid online processing fees. Checks should be made payable to Abara, Inc., with &#8220;Abara House&#8221; in the memo.<\/p>\n<strong>Abara, Inc<\/strong><br \/>\n<strong>1820 West Paisano Dr., Unidad #4<br \/>\n<\/strong><strong>El Paso, TX 79922<\/strong>\n\t\t\t\t<img decoding=\"async\" src=\"https:\/\/abara.org\/wp-content\/uploads\/2025\/06\/Girle-07284.jpg\" alt=\"Girle-07284\" itemprop=\"image\" height=\"478\" width=\"761\" title=\"Girle-07284\" onerror=\"this.style.display='none'\" loading=\"lazy\" \/>\n<h3>\n\t\t\tHacer un donativo \u00fanico\t<\/h3>\n\t<p>Un donativo \u00fanico nos ayuda a cubrir necesidades urgentes y a hacer avanzar la visi\u00f3n de Abara House. Tu generosidad impulsa nuestro trabajo a lo largo de la frontera y m\u00e1s all\u00e1.<\/p>\n\t<a id=\"preview_inline_popup_button\" href=\"https:\/\/donorbox.org\/give-today-803237?\"><img decoding=\"async\" src=\"https:\/\/donorbox.org\/images\/white_logo.svg\"\/>Donar hoy<\/a>\n\t\t\t\t<img decoding=\"async\" src=\"https:\/\/abara.org\/wp-content\/uploads\/2025\/07\/JUNE-24-24-2-e1753385220536.jpg\" alt=\"JUNE 24-24-2\" itemprop=\"image\" height=\"1560\" width=\"2496\" title=\"JUNIO 24-24-2\" onerror=\"this.style.display='none'\" loading=\"lazy\" \/>\n<h3>\n\t\t\tConvi\u00e9rtase en Sustentador Mensual\t<\/h3>\n\t<p>Las donaciones mensuales garantizan un apoyo constante y continuado a nuestra labor durante todo el a\u00f1o en los albergues para inmigrantes, la educaci\u00f3n fronteriza y la consolidaci\u00f3n de la paz. Su compromiso ayuda a mantener el impacto a largo plazo.<\/p>\n\t\t\t<a href=\"https:\/\/abara.org\/es\/recurring-giving\/\" target=\"_blank\" rel=\"noopener\">\n\t\t\t\t\t\t\tDonaci\u00f3n mensual\n\t\t\t\t\t<\/a>\n<h3>\n\t\t\tStocks &#038; Mutual Fund\t<\/h3>\n\t<p>If you&#8217;re 70\u00bd or older, you may be able to make a tax-free charitable contribution from your IRA. You can also donate appreciated stock or mutual funds for potential tax benefits. All gifts are processed through Stock Donator, whose account is held at Fidelity Investments. Tax-deductible receipts will be provided.<\/p>\n\t\t\t<a href=\"https:\/\/stockdonator.com\/stock-information\/?oid=ccf475f7\" target=\"_blank\" rel=\"noopener\">\n\t\t\t\t\t\t\tAcceder a la cuenta de donante de acciones\n\t\t\t\t\t<\/a>\n\t\t\t<a href=\"https:\/\/stockdonator.com\/wp-content\/uploads\/2020\/10\/NON-AUTOMATED-STOCK-DONATION-INITIATION-REQUEST.pdf\" target=\"_blank\" rel=\"noopener\">\n\t\t\t\t\t\t\tImprimir + Enviar formulario DTC\n\t\t\t\t\t<\/a>\n<h3>\n\t\t\tDeja un legado con Abara\t<\/h3>\n\t<p>Tu historia puede seguir dando forma al futuro. Al incluir a Abara en tu testamento o fideicomiso, ampl\u00edas tu impacto y ayudas a que las generaciones futuras se sumen a nuestra misi\u00f3n en la frontera.<\/p>\n<p>Consulte con su abogado o asesor. Tambi\u00e9n podemos recomendarle a un profesional de confianza que le orientar\u00e1 adecuadamente en una conversaci\u00f3n confidencial.<\/p>\n\t\t\t<a href=\"mailto:abarasupport@abara.org\" target=\"_blank\" rel=\"noopener\">\n\t\t\t\t\t\t\tM\u00e1s informaci\u00f3n\n\t\t\t\t\t<\/a>\n<h2>\n\t\t\t\u00bfA\u00fan tiene preguntas?\t<\/h2>\n\t<p>Encuentre respuestas a las preguntas m\u00e1s frecuentes sobre donaciones, desde donaciones de acciones a donaciones mensuales.<\/p>\n\t\t\t<a href=\"https:\/\/abara.org\/es\/giving-faqs\/\" target=\"_self\">\n\t\t\t\t\t\t\tPreguntas frecuentes\n\t\t\t\t\t<\/a>","protected":false},"excerpt":{"rendered":"<p>Ways to Give Your visionary support provides aid, fosters understanding, drives change, and transforms an ancient border crossing into Abara House, the hub that powers all aspects of our mission. Donate Today Mail a Check You can give by mail to avoid online processing fees. Checks should be made payable to Abara, Inc., with &#8220;Abara&hellip;<\/p>","protected":false},"author":3,"featured_media":5286,"parent":0,"menu_order":0,"comment_status":"closed","ping_status":"closed","template":"","meta":{"_acf_changed":false,"_monsterinsights_skip_tracking":false,"_monsterinsights_sitenote_active":false,"_monsterinsights_sitenote_note":"","_monsterinsights_sitenote_category":0,"footnotes":""},"class_list":["post-5537","page","type-page","status-publish","has-post-thumbnail","hentry"],"acf":[],"yoast_head":"<!-- This site is optimized with the Yoast SEO plugin v27.5 - https:\/\/yoast.com\/product\/yoast-seo-wordpress\/ -->\n<title>Ways to Give - Abara<\/title>\n<meta name=\"description\" content=\"Abara connects people across borders through immersive experiences and peace-building efforts along the U.S.\u2013Mexico border.\" \/>\n<meta name=\"robots\" content=\"index, follow, max-snippet:-1, max-image-preview:large, max-video-preview:-1\" \/>\n<link rel=\"canonical\" href=\"https:\/\/abara.org\/es\/ways-to-give\/\" \/>\n<meta property=\"og:locale\" content=\"es_MX\" \/>\n<meta property=\"og:type\" content=\"article\" \/>\n<meta property=\"og:title\" content=\"Ways to Give - Abara\" \/>\n<meta property=\"og:description\" content=\"Abara connects people across borders through immersive experiences and peace-building efforts along the U.S.\u2013Mexico border.\" \/>\n<meta property=\"og:url\" content=\"https:\/\/abara.org\/es\/ways-to-give\/\" \/>\n<meta property=\"og:site_name\" content=\"Abara\" \/>\n<meta property=\"article:modified_time\" content=\"2025-11-24T15:58:10+00:00\" \/>\n<meta property=\"og:image\" content=\"https:\/\/abara.org\/wp-content\/uploads\/2021\/12\/be75bd_16263be66b704836ac25785e8ebad6b1mv2-scaled.webp\" \/>\n\t<meta property=\"og:image:width\" content=\"2560\" \/>\n\t<meta property=\"og:image:height\" content=\"1707\" \/>\n\t<meta property=\"og:image:type\" content=\"image\/webp\" \/>\n<meta name=\"twitter:card\" content=\"summary_large_image\" \/>\n<meta name=\"twitter:label1\" content=\"Tiempo de lectura\" \/>\n\t<meta name=\"twitter:data1\" content=\"2 minutos\" \/>\n<script type=\"application\/ld+json\" class=\"yoast-schema-graph\">{\"@context\":\"https:\\\/\\\/schema.org\",\"@graph\":[{\"@type\":\"WebPage\",\"@id\":\"https:\\\/\\\/abara.org\\\/ways-to-give\\\/\",\"url\":\"https:\\\/\\\/abara.org\\\/ways-to-give\\\/\",\"name\":\"Ways to Give - Abara\",\"isPartOf\":{\"@id\":\"https:\\\/\\\/abara.org\\\/#website\"},\"primaryImageOfPage\":{\"@id\":\"https:\\\/\\\/abara.org\\\/ways-to-give\\\/#primaryimage\"},\"image\":{\"@id\":\"https:\\\/\\\/abara.org\\\/ways-to-give\\\/#primaryimage\"},\"thumbnailUrl\":\"https:\\\/\\\/abara.org\\\/wp-content\\\/uploads\\\/2021\\\/12\\\/be75bd_16263be66b704836ac25785e8ebad6b1mv2-scaled.webp\",\"datePublished\":\"2025-06-05T21:51:15+00:00\",\"dateModified\":\"2025-11-24T15:58:10+00:00\",\"description\":\"Abara connects people across borders through immersive experiences and peace-building efforts along the U.S.\u2013Mexico border.\",\"breadcrumb\":{\"@id\":\"https:\\\/\\\/abara.org\\\/ways-to-give\\\/#breadcrumb\"},\"inLanguage\":\"es\",\"potentialAction\":[{\"@type\":\"ReadAction\",\"target\":[\"https:\\\/\\\/abara.org\\\/ways-to-give\\\/\"]}]},{\"@type\":\"ImageObject\",\"inLanguage\":\"es\",\"@id\":\"https:\\\/\\\/abara.org\\\/ways-to-give\\\/#primaryimage\",\"url\":\"https:\\\/\\\/abara.org\\\/wp-content\\\/uploads\\\/2021\\\/12\\\/be75bd_16263be66b704836ac25785e8ebad6b1mv2-scaled.webp\",\"contentUrl\":\"https:\\\/\\\/abara.org\\\/wp-content\\\/uploads\\\/2021\\\/12\\\/be75bd_16263be66b704836ac25785e8ebad6b1mv2-scaled.webp\",\"width\":2560,\"height\":1707},{\"@type\":\"BreadcrumbList\",\"@id\":\"https:\\\/\\\/abara.org\\\/ways-to-give\\\/#breadcrumb\",\"itemListElement\":[{\"@type\":\"ListItem\",\"position\":1,\"name\":\"Home\",\"item\":\"https:\\\/\\\/abara.org\\\/\"},{\"@type\":\"ListItem\",\"position\":2,\"name\":\"Ways to Give\"}]},{\"@type\":\"WebSite\",\"@id\":\"https:\\\/\\\/abara.org\\\/#website\",\"url\":\"https:\\\/\\\/abara.org\\\/\",\"name\":\"Abara\",\"description\":\"Belonging Beyond Borders in El Paso, TX\",\"potentialAction\":[{\"@type\":\"SearchAction\",\"target\":{\"@type\":\"EntryPoint\",\"urlTemplate\":\"https:\\\/\\\/abara.org\\\/?s={search_term_string}\"},\"query-input\":{\"@type\":\"PropertyValueSpecification\",\"valueRequired\":true,\"valueName\":\"search_term_string\"}}],\"inLanguage\":\"es\"}]}<\/script>\n<!-- \/ Yoast SEO plugin. -->","yoast_head_json":{"title":"Ways to Give - Abara","description":"Abara conecta a las personas a trav\u00e9s de las fronteras mediante experiencias inmersivas y esfuerzos de consolidaci\u00f3n de la paz a lo largo de la frontera entre Estados Unidos y M\u00e9xico.","robots":{"index":"index","follow":"follow","max-snippet":"max-snippet:-1","max-image-preview":"max-image-preview:large","max-video-preview":"max-video-preview:-1"},"canonical":"https:\/\/abara.org\/es\/ways-to-give\/","og_locale":"es_MX","og_type":"article","og_title":"Ways to Give - Abara","og_description":"Abara connects people across borders through immersive experiences and peace-building efforts along the U.S.\u2013Mexico border.","og_url":"https:\/\/abara.org\/es\/ways-to-give\/","og_site_name":"Abara","article_modified_time":"2025-11-24T15:58:10+00:00","og_image":[{"width":2560,"height":1707,"url":"https:\/\/abara.org\/wp-content\/uploads\/2021\/12\/be75bd_16263be66b704836ac25785e8ebad6b1mv2-scaled.webp","type":"image\/webp"}],"twitter_card":"summary_large_image","twitter_misc":{"Tiempo de lectura":"2 minutos"},"schema":{"@context":"https:\/\/schema.org","@graph":[{"@type":"WebPage","@id":"https:\/\/abara.org\/ways-to-give\/","url":"https:\/\/abara.org\/ways-to-give\/","name":"Ways to Give - Abara","isPartOf":{"@id":"https:\/\/abara.org\/#website"},"primaryImageOfPage":{"@id":"https:\/\/abara.org\/ways-to-give\/#primaryimage"},"image":{"@id":"https:\/\/abara.org\/ways-to-give\/#primaryimage"},"thumbnailUrl":"https:\/\/abara.org\/wp-content\/uploads\/2021\/12\/be75bd_16263be66b704836ac25785e8ebad6b1mv2-scaled.webp","datePublished":"2025-06-05T21:51:15+00:00","dateModified":"2025-11-24T15:58:10+00:00","description":"Abara conecta a las personas a trav\u00e9s de las fronteras mediante experiencias inmersivas y esfuerzos de consolidaci\u00f3n de la paz a lo largo de la frontera entre Estados Unidos y M\u00e9xico.","breadcrumb":{"@id":"https:\/\/abara.org\/ways-to-give\/#breadcrumb"},"inLanguage":"es","potentialAction":[{"@type":"ReadAction","target":["https:\/\/abara.org\/ways-to-give\/"]}]},{"@type":"ImageObject","inLanguage":"es","@id":"https:\/\/abara.org\/ways-to-give\/#primaryimage","url":"https:\/\/abara.org\/wp-content\/uploads\/2021\/12\/be75bd_16263be66b704836ac25785e8ebad6b1mv2-scaled.webp","contentUrl":"https:\/\/abara.org\/wp-content\/uploads\/2021\/12\/be75bd_16263be66b704836ac25785e8ebad6b1mv2-scaled.webp","width":2560,"height":1707},{"@type":"BreadcrumbList","@id":"https:\/\/abara.org\/ways-to-give\/#breadcrumb","itemListElement":[{"@type":"ListItem","position":1,"name":"Home","item":"https:\/\/abara.org\/"},{"@type":"ListItem","position":2,"name":"Ways to Give"}]},{"@type":"WebSite","@id":"https:\/\/abara.org\/#website","url":"https:\/\/abara.org\/","name":"Abara","description":"Pertenecer m\u00e1s all\u00e1 de las fronteras en El Paso, TX","potentialAction":[{"@type":"SearchAction","target":{"@type":"EntryPoint","urlTemplate":"https:\/\/abara.org\/?s={search_term_string}"},"query-input":{"@type":"PropertyValueSpecification","valueRequired":true,"valueName":"search_term_string"}}],"inLanguage":"es"}]}},"_links":{"self":[{"href":"https:\/\/abara.org\/es\/wp-json\/wp\/v2\/pages\/5537","targetHints":{"allow":["GET"]}}],"collection":[{"href":"https:\/\/abara.org\/es\/wp-json\/wp\/v2\/pages"}],"about":[{"href":"https:\/\/abara.org\/es\/wp-json\/wp\/v2\/types\/page"}],"author":[{"embeddable":true,"href":"https:\/\/abara.org\/es\/wp-json\/wp\/v2\/users\/3"}],"replies":[{"embeddable":true,"href":"https:\/\/abara.org\/es\/wp-json\/wp\/v2\/comments?post=5537"}],"version-history":[{"count":0,"href":"https:\/\/abara.org\/es\/wp-json\/wp\/v2\/pages\/5537\/revisions"}],"wp:featuredmedia":[{"embeddable":true,"href":"https:\/\/abara.org\/es\/wp-json\/wp\/v2\/media\/5286"}],"wp:attachment":[{"href":"https:\/\/abara.org\/es\/wp-json\/wp\/v2\/media?parent=5537"}],"curies":[{"name":"wp","href":"https:\/\/api.w.org\/{rel}","templated":true}]}}