{"id":5511,"date":"2025-06-05T20:11:45","date_gmt":"2025-06-05T20:11:45","guid":{"rendered":"https:\/\/abara2.wpenginepowered.com\/?page_id=5511"},"modified":"2026-02-19T12:41:05","modified_gmt":"2026-02-19T12:41:05","slug":"our-partners","status":"publish","type":"page","link":"https:\/\/abara.org\/es\/our-partners\/","title":{"rendered":"Nuestros socios"},"content":{"rendered":"<figure itemscope itemtype=\"https:\/\/schema.org\/ImageObject\">\n\t\t\t\t<img decoding=\"async\" src=\"https:\/\/abara.org\/wp-content\/uploads\/2025\/06\/Rectangle-7-4.png\" alt=\"Rectangle 7 (4)\" height=\"433\" width=\"525\" title=\"Rect\u00e1ngulo 7 (4)\" onerror=\"this.style.display='none'\" loading=\"lazy\" \/>\n\t<\/figure>\n<h1>\n\t\t\tVoces y vecinos\t<\/h1>\n\t<p>Colaboramos con comunidades religiosas, instituciones p\u00fablicas, organizaciones sin \u00e1nimo de lucro y personas de toda condici\u00f3n para crear espacios de conexi\u00f3n y paz. Juntos, trabajamos por encima de las diferencias para fomentar la pertenencia, profundizar en el entendimiento y promover la dignidad humana compartida.<\/p>\n<h2>\n\t\t\tEscuche a los que caminan con nosotros\t<\/h2>\n\t<p>En sus propias palabras, socios y vecinos comparten c\u00f3mo Abara est\u00e1 tendiendo puentes, transformando perspectivas y creando espacios de dignidad compartida y conexi\u00f3n a trav\u00e9s de las fronteras.<\/p>\n\t<iframe allowfullscreen allow=\"autoplay\" data-src=\"https:\/\/www.youtube.com\/embed\/PnJgCkx3SbA?feature=oembed&amp;start&amp;end&amp;wmode=opaque&amp;loop=0&amp;controls=1&amp;mute=0&amp;rel=0&amp;modestbranding=0\"><\/iframe>\t\t\n\t\t\t\t\tReproducir v\u00eddeo\n<figure itemscope itemtype=\"https:\/\/schema.org\/ImageObject\">\n\t\t\t\t<img decoding=\"async\" src=\"https:\/\/abara.org\/wp-content\/uploads\/2025\/06\/logo-2.png\" alt=\"logo (2)\" height=\"800\" width=\"1876\" title=\"logotipo (2)\" onerror=\"this.style.display='none'\" loading=\"lazy\" \/>\n\t<\/figure>\n<figure itemscope itemtype=\"https:\/\/schema.org\/ImageObject\">\n\t\t\t\t<img decoding=\"async\" src=\"https:\/\/abara.org\/wp-content\/uploads\/2025\/06\/logo_05abbb43.png\" alt=\"logo_05abbb43\" height=\"300\" width=\"756\" title=\"logo_05abbb43\" onerror=\"this.style.display='none'\" loading=\"lazy\" \/>\n\t<\/figure>\n<figure itemscope itemtype=\"https:\/\/schema.org\/ImageObject\">\n\t\t\t\t<img decoding=\"async\" src=\"https:\/\/abara.org\/wp-content\/uploads\/2025\/06\/arrabon_secondary_full_color_rgb_1000px@144ppi.png\" alt=\"arrabon_secondary_full_color_rgb_1000px@144ppi\" height=\"222\" width=\"822\" title=\"arrabon_secondary_full_color_rgb_1000px@144ppi\" onerror=\"this.style.display='none'\" loading=\"lazy\" \/>\n\t<\/figure>\n<figure itemscope itemtype=\"https:\/\/schema.org\/ImageObject\">\n\t\t\t\t<img decoding=\"async\" src=\"https:\/\/abara.org\/wp-content\/uploads\/2025\/06\/US-NationalParkService-Logo.svg.png\" alt=\"US-NationalParkService-Logo.svg\" height=\"1562\" width=\"1200\" title=\"US-NationalParkService-Logo.svg\" onerror=\"this.style.display='none'\" loading=\"lazy\" \/>\n\t<\/figure>\n<figure itemscope itemtype=\"https:\/\/schema.org\/ImageObject\">\n\t\t\t\t<img decoding=\"async\" src=\"https:\/\/abara.org\/wp-content\/uploads\/2025\/06\/5a0e9840-1353-440d-acbe-30833af4d8bc-scaled.png\" alt=\"5a0e9840-1353-440d-acbe-30833af4d8bc\" height=\"675\" width=\"2560\" title=\"5a0e9840-1353-440d-acbe-30833af4d8bc\" onerror=\"this.style.display='none'\" loading=\"lazy\" \/>\n\t<\/figure>\n<figure itemscope itemtype=\"https:\/\/schema.org\/ImageObject\">\n\t\t\t\t<img decoding=\"async\" src=\"https:\/\/abara.org\/wp-content\/uploads\/2025\/06\/images-1.png\" alt=\"images (1)\" height=\"225\" width=\"225\" title=\"im\u00e1genes (1)\" onerror=\"this.style.display='none'\" loading=\"lazy\" \/>\n\t<\/figure>\n<figure itemscope itemtype=\"https:\/\/schema.org\/ImageObject\">\n\t\t\t\t<img decoding=\"async\" src=\"https:\/\/abara.org\/wp-content\/uploads\/2025\/06\/Abara_Partner-09.png\" alt=\"Abara_Partner-09\" height=\"163\" width=\"151\" title=\"Abara_Partner-09\" onerror=\"this.style.display='none'\" loading=\"lazy\" \/>\n\t<\/figure>\n<figure itemscope itemtype=\"https:\/\/schema.org\/ImageObject\">\n\t\t\t\t<img decoding=\"async\" src=\"https:\/\/abara.org\/wp-content\/uploads\/2025\/06\/ccda-1140x269-1.png\" alt=\"ccda-1140x269\" height=\"269\" width=\"1140\" title=\"ccda-1140x269\" onerror=\"this.style.display='none'\" loading=\"lazy\" \/>\n\t<\/figure>\n<figure itemscope itemtype=\"https:\/\/schema.org\/ImageObject\">\n\t\t\t\t<img decoding=\"async\" src=\"https:\/\/abara.org\/wp-content\/uploads\/2025\/06\/Abara_Partner-10.png\" alt=\"Abara_Partner-10\" height=\"148\" width=\"145\" title=\"Abara_Partner-10\" onerror=\"this.style.display='none'\" loading=\"lazy\" \/>\n\t<\/figure>\n<figure itemscope itemtype=\"https:\/\/schema.org\/ImageObject\">\n\t\t\t\t<img decoding=\"async\" src=\"https:\/\/abara.org\/wp-content\/uploads\/2025\/06\/Abara_Partner-08.png\" alt=\"Abara_Partner-08\" height=\"117\" width=\"248\" title=\"Abara_Partner-08\" onerror=\"this.style.display='none'\" loading=\"lazy\" \/>\n\t<\/figure>\n<figure itemscope itemtype=\"https:\/\/schema.org\/ImageObject\">\n\t\t\t\t<img decoding=\"async\" src=\"https:\/\/abara.org\/wp-content\/uploads\/2025\/06\/PRAXIS_logo_color.jpg\" alt=\"PRAXIS_logo_color\" height=\"337\" width=\"600\" title=\"PRAXIS_logo_color\" onerror=\"this.style.display='none'\" loading=\"lazy\" \/>\n\t<\/figure>\n<figure itemscope itemtype=\"https:\/\/schema.org\/ImageObject\">\n\t\t\t\t<img decoding=\"async\" src=\"https:\/\/abara.org\/wp-content\/uploads\/2025\/06\/Telos_Logo.jpg\" alt=\"Telos_Logo\" height=\"900\" width=\"750\" title=\"Telos_Logo\" onerror=\"this.style.display='none'\" loading=\"lazy\" \/>\n\t<\/figure>\n<figure itemscope itemtype=\"https:\/\/schema.org\/ImageObject\">\n\t\t\t\t<img decoding=\"async\" src=\"https:\/\/abara.org\/wp-content\/uploads\/2025\/06\/UTEP.png\" alt=\"UTEP\" height=\"2400\" width=\"2400\" title=\"UTEP\" onerror=\"this.style.display='none'\" loading=\"lazy\" \/>\n\t<\/figure>\n<figure itemscope itemtype=\"https:\/\/schema.org\/ImageObject\">\n\t\t\t\t<img decoding=\"async\" src=\"https:\/\/abara.org\/wp-content\/uploads\/2025\/06\/Abara_Partner-14.png\" alt=\"Abara_Partner-14\" height=\"146\" width=\"172\" title=\"Abara_Partner-14\" onerror=\"this.style.display='none'\" loading=\"lazy\" \/>\n\t<\/figure>\n<figure itemscope itemtype=\"https:\/\/schema.org\/ImageObject\">\n\t\t\t\t<img decoding=\"async\" src=\"https:\/\/abara.org\/wp-content\/uploads\/2025\/06\/TMF_logo-color-scaled.jpg\" alt=\"TMF_logo-color\" height=\"876\" width=\"2560\" title=\"TMF_logo-color\" onerror=\"this.style.display='none'\" loading=\"lazy\" \/>\n\t<\/figure>\n<figure itemscope itemtype=\"https:\/\/schema.org\/ImageObject\">\n\t\t\t\t<img decoding=\"async\" src=\"https:\/\/abara.org\/wp-content\/uploads\/2025\/06\/Abara_Partner-16.png\" alt=\"Abara_Partner-16\" height=\"104\" width=\"206\" title=\"Abara_Partner-16\" onerror=\"this.style.display='none'\" loading=\"lazy\" \/>\n\t<\/figure>\n<figure itemscope itemtype=\"https:\/\/schema.org\/ImageObject\">\n\t\t\t\t<img decoding=\"async\" src=\"https:\/\/abara.org\/wp-content\/uploads\/2025\/06\/Abara_Partner-17.png\" alt=\"Abara_Partner-17\" height=\"186\" width=\"133\" title=\"Abara_Partner-17\" onerror=\"this.style.display='none'\" loading=\"lazy\" \/>\n\t<\/figure>\n<figure itemscope itemtype=\"https:\/\/schema.org\/ImageObject\">\n\t\t\t\t<img decoding=\"async\" src=\"https:\/\/abara.org\/wp-content\/uploads\/2025\/06\/Stand_Together_logo.webp\" alt=\"Stand_Together_logo\" height=\"896\" width=\"1518\" title=\"Stand_Together_logo\" onerror=\"this.style.display='none'\" loading=\"lazy\" \/>\n\t<\/figure>\n<figure itemscope itemtype=\"https:\/\/schema.org\/ImageObject\">\n\t\t\t\t<img decoding=\"async\" src=\"https:\/\/abara.org\/wp-content\/uploads\/2025\/06\/logo-pdncf.jpg\" alt=\"logo-pdncf\" height=\"286\" width=\"1051\" title=\"logotipo-pdncf\" onerror=\"this.style.display='none'\" loading=\"lazy\" \/>\n\t<\/figure>\n<figure itemscope itemtype=\"https:\/\/schema.org\/ImageObject\">\n\t\t\t\t<img decoding=\"async\" src=\"https:\/\/abara.org\/wp-content\/uploads\/2025\/06\/summerlee_fdn_logo.webp\" alt=\"summerlee_fdn_logo\" height=\"87\" width=\"241\" title=\"summerlee_fdn_logo\" onerror=\"this.style.display='none'\" loading=\"lazy\" \/>\n\t<\/figure>\n<figure itemscope itemtype=\"https:\/\/schema.org\/ImageObject\">\n\t\t\t\t<img decoding=\"async\" src=\"https:\/\/abara.org\/wp-content\/uploads\/2025\/06\/Logo-LIMINAL-03-Email-Signature_v2.png\" alt=\"Logo LIMINAL-03 Email Signature_v2\" height=\"152\" width=\"600\" title=\"Logo LIMINAL-03 Firma de correo electr\u00f3nico_v2\" onerror=\"this.style.display='none'\" loading=\"lazy\" \/>\n\t<\/figure>\n<h2>\n\t\t\tMiembros del Consejo de Sabidur\u00eda\t<\/h2>\n\t<strong>Dra. Sarah De Los Santos Upton<\/strong><br \/>\nProfesor de la UTEP, Junta de Abara<br \/>\nMiembro, copresidente del Consejo de Sabidur\u00eda\n\t<strong>Dra. Alisia Muir<\/strong><br \/>\nInvestigador y profesor, Abara<br \/>\nMiembro del Consejo, Wisdom Council<br \/>\nCopresidencia\n\t<strong>Sami DiPasquale<\/strong><br \/>\nDirector Ejecutivo de Abara\n\t<strong>Adri\u00e1n Aragon\u00e9s<\/strong><br \/>\nProfesora de Estudios Chicanos\n\t<strong>Irvin D\u00edaz<\/strong><br \/>\nArtista local\n\t<strong>Claudia Cochran Miller<\/strong><br \/>\nProfesor de la EPCC\n\t<strong>Omar R\u00edos<\/strong><br \/>\nArquitecto y defensor de los inmigrantes\n\t<strong>Jesse Kapenga<\/strong><br \/>\nProfesor EPCC \/ UTEP\n\t<strong>Junio recto<\/strong><br \/>\nProfesor de secundaria\n\t<strong>M\u00f3nico \"Mono\" Acu\u00f1a<\/strong><br \/>\nPropietario de Brown Street Market\n\t<strong>Ver\u00f3nica Salgado<\/strong><br \/>\nProfesor\n\t<strong>Naomi Fertman<\/strong><br \/>\nProfesor de la UTEP\n\t<strong>Alma Mart\u00ednez<\/strong><br \/>\nCooperativa de Ciudad Nueva<br \/>\nCoordinador\n\t<strong>Lupe Negrete<\/strong><br \/>\nL\u00edder comunitario\n\t<strong>Socorro Heredia<\/strong><br \/>\nL\u00edder comunitario\n\t<strong>Salvador \"Sal\" Sierra<\/strong><br \/>\nConserje de la Casa Abara y<br \/>\nAdministrador de fincas\n\t<strong>Rev. Dr. Edgardo Mart\u00ednez<\/strong><br \/>\nPastor y l\u00edder religioso\n\t<strong>Andrew Wong<\/strong><br \/>\nIngeniero de Caminos, Canales y Puertos\n\t<strong>Andrea \"Andie\" Everett<\/strong><br \/>\nServicios SIG, Cuentacuentos ind\u00edgena\n\t<strong>Rafael Batrez<\/strong><br \/>\nColectivo de artistas EP Finest &amp;<br \/>\nMarroquinero\n\t<strong>Blanca Estrada<\/strong><br \/>\nColectivo de artistas y muralistas EP Finest\n\t<strong>Eddie Endlich<\/strong><br \/>\nDirectora de instituto jubilada, Programa ESL<br \/>\nDirector\n\t<strong>Betty Camargo<\/strong><br \/>\nDefensora y organizadora\n\t<strong>Lucero De Alva<\/strong><br \/>\nProfesora, autora, voluntaria<br \/>\n(Ju\u00e1rez)\n\t<strong>Rosa Mani<\/strong><br \/>\nTrabajadora social, defensora<br \/>\n(Ju\u00e1rez)\n\t<strong>Kathrin Zeiske<\/strong><br \/>\n\"Luchadora\" + Activista (Ju\u00e1rez)\n\t<strong>Dra. Flor Roc\u00edo Mart\u00ednez<\/strong><br \/>\nAcad\u00e9mico (Ju\u00e1rez)\n\t<strong>Dr. Luis D\u00edaz<\/strong><br \/>\nAcad\u00e9mico (Ju\u00e1rez)\n\t<strong>Dra. Leticia Chavarria Villa<\/strong><br \/>\nActivista de derechos humanos<br \/>\n(Ju\u00e1rez)\n\t<strong>Jorge &#8220;Yorch&#8221; Perez<\/strong><br \/>\nArtista, panadero, activista<br \/>\nPanader\u00eda Reziste<br \/>\n(Ju\u00e1rez)\n<h2>\n\t\t\tConectemos y colaboremos\t<\/h2>\n\t<p>Le invitamos a unirse a nosotros en una visi\u00f3n compartida de la paz, la justicia y la dignidad humana.<\/p>\n\t\t\t<a href=\"\/es\/contact\/\"  target=\"_self\">\n\t\t\t\t\t\t\tContacte con nosotros\n\t\t\t\t\t<\/a>","protected":false},"excerpt":{"rendered":"<p>Voces y Vecinos Colaboramos con comunidades religiosas, instituciones p\u00fablicas, organizaciones sin \u00e1nimo de lucro y particulares de todos los \u00e1mbitos para crear espacios de conexi\u00f3n y paz. Juntos, trabajamos por encima de las diferencias para fomentar la pertenencia, profundizar en el entendimiento y promover la dignidad humana compartida. Escuche a quienes caminan con nosotros En sus propias palabras, socios y vecinos comparten...<\/p>","protected":false},"author":3,"featured_media":5286,"parent":0,"menu_order":0,"comment_status":"closed","ping_status":"closed","template":"","meta":{"_acf_changed":false,"_monsterinsights_skip_tracking":false,"_monsterinsights_sitenote_active":false,"_monsterinsights_sitenote_note":"","_monsterinsights_sitenote_category":0,"footnotes":""},"class_list":["post-5511","page","type-page","status-publish","has-post-thumbnail","hentry"],"acf":[],"yoast_head":"<!-- This site is optimized with the Yoast SEO plugin v27.3 - https:\/\/yoast.com\/product\/yoast-seo-wordpress\/ -->\n<title>Our Partners - Abara<\/title>\n<meta name=\"description\" content=\"Abara connects people across borders through immersive experiences and peace-building efforts along the U.S.\u2013Mexico border.\" \/>\n<meta name=\"robots\" content=\"index, follow, max-snippet:-1, max-image-preview:large, max-video-preview:-1\" \/>\n<link rel=\"canonical\" href=\"https:\/\/abara.org\/es\/our-partners\/\" \/>\n<meta property=\"og:locale\" content=\"es_MX\" \/>\n<meta property=\"og:type\" content=\"article\" \/>\n<meta property=\"og:title\" content=\"Our Partners - Abara\" \/>\n<meta property=\"og:description\" content=\"Abara connects people across borders through immersive experiences and peace-building efforts along the U.S.\u2013Mexico border.\" \/>\n<meta property=\"og:url\" content=\"https:\/\/abara.org\/es\/our-partners\/\" \/>\n<meta property=\"og:site_name\" content=\"Abara\" \/>\n<meta property=\"article:modified_time\" content=\"2026-02-19T12:41:05+00:00\" \/>\n<meta property=\"og:image\" content=\"https:\/\/abara.org\/wp-content\/uploads\/2021\/12\/be75bd_16263be66b704836ac25785e8ebad6b1mv2-scaled.webp\" \/>\n\t<meta property=\"og:image:width\" content=\"2560\" \/>\n\t<meta property=\"og:image:height\" content=\"1707\" \/>\n\t<meta property=\"og:image:type\" content=\"image\/webp\" \/>\n<meta name=\"twitter:card\" content=\"summary_large_image\" \/>\n<meta name=\"twitter:label1\" content=\"Tiempo de lectura\" \/>\n\t<meta name=\"twitter:data1\" content=\"3 minutos\" \/>\n<script type=\"application\/ld+json\" class=\"yoast-schema-graph\">{\"@context\":\"https:\\\/\\\/schema.org\",\"@graph\":[{\"@type\":\"WebPage\",\"@id\":\"https:\\\/\\\/abara.org\\\/our-partners\\\/\",\"url\":\"https:\\\/\\\/abara.org\\\/our-partners\\\/\",\"name\":\"Our Partners - Abara\",\"isPartOf\":{\"@id\":\"https:\\\/\\\/abara.org\\\/#website\"},\"primaryImageOfPage\":{\"@id\":\"https:\\\/\\\/abara.org\\\/our-partners\\\/#primaryimage\"},\"image\":{\"@id\":\"https:\\\/\\\/abara.org\\\/our-partners\\\/#primaryimage\"},\"thumbnailUrl\":\"https:\\\/\\\/abara.org\\\/wp-content\\\/uploads\\\/2021\\\/12\\\/be75bd_16263be66b704836ac25785e8ebad6b1mv2-scaled.webp\",\"datePublished\":\"2025-06-05T20:11:45+00:00\",\"dateModified\":\"2026-02-19T12:41:05+00:00\",\"description\":\"Abara connects people across borders through immersive experiences and peace-building efforts along the U.S.\u2013Mexico border.\",\"breadcrumb\":{\"@id\":\"https:\\\/\\\/abara.org\\\/our-partners\\\/#breadcrumb\"},\"inLanguage\":\"es\",\"potentialAction\":[{\"@type\":\"ReadAction\",\"target\":[\"https:\\\/\\\/abara.org\\\/our-partners\\\/\"]}]},{\"@type\":\"ImageObject\",\"inLanguage\":\"es\",\"@id\":\"https:\\\/\\\/abara.org\\\/our-partners\\\/#primaryimage\",\"url\":\"https:\\\/\\\/abara.org\\\/wp-content\\\/uploads\\\/2021\\\/12\\\/be75bd_16263be66b704836ac25785e8ebad6b1mv2-scaled.webp\",\"contentUrl\":\"https:\\\/\\\/abara.org\\\/wp-content\\\/uploads\\\/2021\\\/12\\\/be75bd_16263be66b704836ac25785e8ebad6b1mv2-scaled.webp\",\"width\":2560,\"height\":1707},{\"@type\":\"BreadcrumbList\",\"@id\":\"https:\\\/\\\/abara.org\\\/our-partners\\\/#breadcrumb\",\"itemListElement\":[{\"@type\":\"ListItem\",\"position\":1,\"name\":\"Home\",\"item\":\"https:\\\/\\\/abara.org\\\/\"},{\"@type\":\"ListItem\",\"position\":2,\"name\":\"Our Partners\"}]},{\"@type\":\"WebSite\",\"@id\":\"https:\\\/\\\/abara.org\\\/#website\",\"url\":\"https:\\\/\\\/abara.org\\\/\",\"name\":\"Abara\",\"description\":\"Belonging Beyond Borders in El Paso, TX\",\"potentialAction\":[{\"@type\":\"SearchAction\",\"target\":{\"@type\":\"EntryPoint\",\"urlTemplate\":\"https:\\\/\\\/abara.org\\\/?s={search_term_string}\"},\"query-input\":{\"@type\":\"PropertyValueSpecification\",\"valueRequired\":true,\"valueName\":\"search_term_string\"}}],\"inLanguage\":\"es\"}]}<\/script>\n<!-- \/ Yoast SEO plugin. -->","yoast_head_json":{"title":"Our Partners - Abara","description":"Abara conecta a las personas a trav\u00e9s de las fronteras mediante experiencias inmersivas y esfuerzos de consolidaci\u00f3n de la paz a lo largo de la frontera entre Estados Unidos y M\u00e9xico.","robots":{"index":"index","follow":"follow","max-snippet":"max-snippet:-1","max-image-preview":"max-image-preview:large","max-video-preview":"max-video-preview:-1"},"canonical":"https:\/\/abara.org\/es\/our-partners\/","og_locale":"es_MX","og_type":"article","og_title":"Our Partners - Abara","og_description":"Abara connects people across borders through immersive experiences and peace-building efforts along the U.S.\u2013Mexico border.","og_url":"https:\/\/abara.org\/es\/our-partners\/","og_site_name":"Abara","article_modified_time":"2026-02-19T12:41:05+00:00","og_image":[{"width":2560,"height":1707,"url":"https:\/\/abara.org\/wp-content\/uploads\/2021\/12\/be75bd_16263be66b704836ac25785e8ebad6b1mv2-scaled.webp","type":"image\/webp"}],"twitter_card":"summary_large_image","twitter_misc":{"Tiempo de lectura":"3 minutos"},"schema":{"@context":"https:\/\/schema.org","@graph":[{"@type":"WebPage","@id":"https:\/\/abara.org\/our-partners\/","url":"https:\/\/abara.org\/our-partners\/","name":"Our Partners - Abara","isPartOf":{"@id":"https:\/\/abara.org\/#website"},"primaryImageOfPage":{"@id":"https:\/\/abara.org\/our-partners\/#primaryimage"},"image":{"@id":"https:\/\/abara.org\/our-partners\/#primaryimage"},"thumbnailUrl":"https:\/\/abara.org\/wp-content\/uploads\/2021\/12\/be75bd_16263be66b704836ac25785e8ebad6b1mv2-scaled.webp","datePublished":"2025-06-05T20:11:45+00:00","dateModified":"2026-02-19T12:41:05+00:00","description":"Abara conecta a las personas a trav\u00e9s de las fronteras mediante experiencias inmersivas y esfuerzos de consolidaci\u00f3n de la paz a lo largo de la frontera entre Estados Unidos y M\u00e9xico.","breadcrumb":{"@id":"https:\/\/abara.org\/our-partners\/#breadcrumb"},"inLanguage":"es","potentialAction":[{"@type":"ReadAction","target":["https:\/\/abara.org\/our-partners\/"]}]},{"@type":"ImageObject","inLanguage":"es","@id":"https:\/\/abara.org\/our-partners\/#primaryimage","url":"https:\/\/abara.org\/wp-content\/uploads\/2021\/12\/be75bd_16263be66b704836ac25785e8ebad6b1mv2-scaled.webp","contentUrl":"https:\/\/abara.org\/wp-content\/uploads\/2021\/12\/be75bd_16263be66b704836ac25785e8ebad6b1mv2-scaled.webp","width":2560,"height":1707},{"@type":"BreadcrumbList","@id":"https:\/\/abara.org\/our-partners\/#breadcrumb","itemListElement":[{"@type":"ListItem","position":1,"name":"Home","item":"https:\/\/abara.org\/"},{"@type":"ListItem","position":2,"name":"Our Partners"}]},{"@type":"WebSite","@id":"https:\/\/abara.org\/#website","url":"https:\/\/abara.org\/","name":"Abara","description":"Pertenecer m\u00e1s all\u00e1 de las fronteras en El Paso, TX","potentialAction":[{"@type":"SearchAction","target":{"@type":"EntryPoint","urlTemplate":"https:\/\/abara.org\/?s={search_term_string}"},"query-input":{"@type":"PropertyValueSpecification","valueRequired":true,"valueName":"search_term_string"}}],"inLanguage":"es"}]}},"_links":{"self":[{"href":"https:\/\/abara.org\/es\/wp-json\/wp\/v2\/pages\/5511","targetHints":{"allow":["GET"]}}],"collection":[{"href":"https:\/\/abara.org\/es\/wp-json\/wp\/v2\/pages"}],"about":[{"href":"https:\/\/abara.org\/es\/wp-json\/wp\/v2\/types\/page"}],"author":[{"embeddable":true,"href":"https:\/\/abara.org\/es\/wp-json\/wp\/v2\/users\/3"}],"replies":[{"embeddable":true,"href":"https:\/\/abara.org\/es\/wp-json\/wp\/v2\/comments?post=5511"}],"version-history":[{"count":0,"href":"https:\/\/abara.org\/es\/wp-json\/wp\/v2\/pages\/5511\/revisions"}],"wp:featuredmedia":[{"embeddable":true,"href":"https:\/\/abara.org\/es\/wp-json\/wp\/v2\/media\/5286"}],"wp:attachment":[{"href":"https:\/\/abara.org\/es\/wp-json\/wp\/v2\/media?parent=5511"}],"curies":[{"name":"wp","href":"https:\/\/api.w.org\/{rel}","templated":true}]}}