{"id":5460,"date":"2025-06-05T19:14:55","date_gmt":"2025-06-05T19:14:55","guid":{"rendered":"https:\/\/abara2.wpenginepowered.com\/?page_id=5460"},"modified":"2026-03-30T06:14:04","modified_gmt":"2026-03-30T06:14:04","slug":"our-team","status":"publish","type":"page","link":"https:\/\/abara.org\/es\/about-us\/our-team\/","title":{"rendered":"Nuestro equipo"},"content":{"rendered":"<h1>\n\t\t\tNuestro equipo\t<\/h1>\n\t<p>Arraigados en las zonas fronterizas, creamos espacios para la conexi\u00f3n, el aprendizaje y la acci\u00f3n, caminando con otros para fomentar el entendimiento, amplificar las voces no escuchadas y construir un mundo m\u00e1s justo y compasivo.<\/p>\n<figure itemscope itemtype=\"https:\/\/schema.org\/ImageObject\">\n\t\t\t\t<img decoding=\"async\" src=\"https:\/\/abara.org\/wp-content\/uploads\/2025\/11\/WEBSITE-PHOTOS-SAMI-.jpg\" alt=\"WEBSITE PHOTOS - SAMI\" height=\"300\" width=\"300\" title=\"FOTOS DE LA P\u00c1GINA WEB - SAMI\" onerror=\"this.style.display='none'\" loading=\"lazy\" \/>\n\t<\/figure>\n<h3>\n\t\t\tSami DiPasquale\t<\/h3>\n\t<p>Director Ejecutivo<\/p>\n\t\t\t<a href=\"https:\/\/abara.org\/es\/team\/sami-dipasquale\/\"  target=\"_self\">\n\t\t\t\t\t\t\tLeer biograf\u00eda\n\t\t\t\t\t<\/a>\n<figure itemscope itemtype=\"https:\/\/schema.org\/ImageObject\">\n\t\t\t\t<img decoding=\"async\" src=\"https:\/\/abara.org\/wp-content\/uploads\/2025\/11\/WEBSITE-PHOTOS-TOYA-.jpg\" alt=\"WEBSITE PHOTOS - TOYA\" height=\"300\" width=\"300\" title=\"FOTOS DE LA P\u00c1GINA WEB - TOYA\" onerror=\"this.style.display='none'\" loading=\"lazy\" \/>\n\t<\/figure>\n<h3>\n\t\t\tVictoria de Anda\t<\/h3>\n\t<p>Asistente ejecutiva y de investigaci\u00f3n<\/p>\n\t\t\t<a href=\"https:\/\/abara.org\/es\/team\/victoria-de-anda\/\"  target=\"_self\">\n\t\t\t\t\t\t\tLeer biograf\u00eda\n\t\t\t\t\t<\/a>\n<figure itemscope itemtype=\"https:\/\/schema.org\/ImageObject\">\n\t\t\t\t<img decoding=\"async\" src=\"https:\/\/abara.org\/wp-content\/uploads\/2025\/11\/WEBSITE-PHOTOS-ROSI-.jpg\" alt=\"WEBSITE PHOTOS - ROSI\" height=\"300\" width=\"300\" title=\"FOTOS DE LA P\u00c1GINA WEB - ROSI\" onerror=\"this.style.display='none'\" loading=\"lazy\" \/>\n\t<\/figure>\n<h3>\n\t\t\tRosa Mani\t<\/h3>\n\t<p>Coordinador de Servicios para Migrantes<\/p>\n\t\t\t<a href=\"https:\/\/abara.org\/es\/team\/rosa-mani\/\"  target=\"_self\">\n\t\t\t\t\t\t\tLeer biograf\u00eda\n\t\t\t\t\t<\/a>\n<figure itemscope itemtype=\"https:\/\/schema.org\/ImageObject\">\n\t\t\t\t<img decoding=\"async\" src=\"https:\/\/abara.org\/wp-content\/uploads\/2025\/11\/WEBSITE-PHOTOS-DANI-B-.jpg\" alt=\"WEBSITE PHOTOS - DANI B\" height=\"300\" width=\"300\" title=\"FOTOS DE LA P\u00c1GINA WEB - DANI B\" onerror=\"this.style.display='none'\" loading=\"lazy\" \/>\n\t<\/figure>\n<h3>\n\t\t\tDaniel Banda\t<\/h3>\n\t<p>Conector del refugio<\/p>\n\t\t\t<a href=\"https:\/\/abara.org\/es\/team\/daniel-banda\/\"  target=\"_self\">\n\t\t\t\t\t\t\tLeer biograf\u00eda\n\t\t\t\t\t<\/a>\n<figure itemscope itemtype=\"https:\/\/schema.org\/ImageObject\">\n\t\t\t\t<img decoding=\"async\" src=\"https:\/\/abara.org\/wp-content\/uploads\/2025\/11\/WEBSITE-PHOTOS-CLARA-.jpg\" alt=\"WEBSITE PHOTOS - CLARA\" height=\"300\" width=\"300\" title=\"FOTOS DE LA P\u00c1GINA WEB - CLARA\" onerror=\"this.style.display='none'\" loading=\"lazy\" \/>\n\t<\/figure>\n<h3>\n\t\t\tClara Compe\u00e1n\t<\/h3>\n\t<p>Coordinadora de Educaci\u00f3n y Divulgaci\u00f3n sobre Fronteras<\/p>\n\t\t\t<a href=\"https:\/\/abara.org\/es\/team\/clara-duffy\/\"  target=\"_self\">\n\t\t\t\t\t\t\tLeer biograf\u00eda\n\t\t\t\t\t<\/a>\n<figure itemscope itemtype=\"https:\/\/schema.org\/ImageObject\">\n\t\t\t\t<img decoding=\"async\" src=\"https:\/\/abara.org\/wp-content\/uploads\/2025\/11\/WEBSITE-PHOTOS-KIM-.jpg\" alt=\"WEBSITE PHOTOS - KIM\" height=\"300\" width=\"300\" title=\"FOTOS DE LA P\u00c1GINA WEB - KIM\" onerror=\"this.style.display='none'\" loading=\"lazy\" \/>\n\t<\/figure>\n<h3>\n\t\t\tKim Schaefer\t<\/h3>\n\t<p>Arquitecto y Director de Proyectos<\/p>\n\t\t\t<a href=\"https:\/\/abara.org\/es\/team\/kim-schaefer\/\"  target=\"_self\">\n\t\t\t\t\t\t\tLeer biograf\u00eda\n\t\t\t\t\t<\/a>\n<figure itemscope itemtype=\"https:\/\/schema.org\/ImageObject\">\n\t\t\t\t<img decoding=\"async\" src=\"https:\/\/abara.org\/wp-content\/uploads\/2026\/03\/square-image-1.jpg\" alt=\"square-image (1)\" height=\"1200\" width=\"1200\" title=\"imagen cuadrada (1)\" onerror=\"this.style.display='none'\" loading=\"lazy\" \/>\n\t<\/figure>\n<h3>\n\t\t\tSalvador Sierra\t<\/h3>\n\t<p>Cuidador y administrador de tierras<\/p>\n\t\t\t<a href=\"https:\/\/abara.org\/es\/team\/salvador-sal-sierra\/\"  target=\"_self\">\n\t\t\t\t\t\t\tLeer biograf\u00eda\n\t\t\t\t\t<\/a>\n<figure itemscope itemtype=\"https:\/\/schema.org\/ImageObject\">\n\t\t\t\t<img decoding=\"async\" src=\"https:\/\/abara.org\/wp-content\/uploads\/2025\/11\/WEBSITE-PHOTOS-LICA-.jpg\" alt=\"WEBSITE PHOTOS - LICA\" height=\"300\" width=\"300\" title=\"FOTOS DE LA P\u00c1GINA WEB - LICA\" onerror=\"this.style.display='none'\" loading=\"lazy\" \/>\n\t<\/figure>\n<h3>\n\t\t\tAng\u00e9lica Acosta G.\t<\/h3>\n\tAsilo Narrativa &amp;<br \/>\nDirector de proyectos de traducci\u00f3n y hosteler\u00eda\n\t\t\t<a href=\"https:\/\/abara.org\/es\/team\/angelica-lica-acosta-garnett\/\"  target=\"_self\">\n\t\t\t\t\t\t\tLeer biograf\u00eda\n\t\t\t\t\t<\/a>\n<figure itemscope itemtype=\"https:\/\/schema.org\/ImageObject\">\n\t\t\t\t<img decoding=\"async\" src=\"https:\/\/abara.org\/wp-content\/uploads\/2025\/11\/WEBSITE-PHOTOS-JON-.jpg\" alt=\"WEBSITE PHOTOS - JON\" height=\"300\" width=\"300\" title=\"FOTOS DE LA P\u00c1GINA WEB - JON\" onerror=\"this.style.display='none'\" loading=\"lazy\" \/>\n\t<\/figure>\n<h3>\n\t\t\tJonathan Klassen\t<\/h3>\n\t<p>Coordinador de Hosteler\u00eda y Oficina<\/p>\n\t\t\t<a href=\"https:\/\/abara.org\/es\/team\/jonathan-klassen\/\"  target=\"_self\">\n\t\t\t\t\t\t\tLeer biograf\u00eda\n\t\t\t\t\t<\/a>\n<figure itemscope itemtype=\"https:\/\/schema.org\/ImageObject\">\n\t\t\t\t<img decoding=\"async\" src=\"https:\/\/abara.org\/wp-content\/uploads\/2025\/06\/Rectangle-22-9.png\" alt=\"Rectangle 22 (9)\" height=\"191\" width=\"191\" title=\"Rect\u00e1ngulo 22 (9)\" onerror=\"this.style.display='none'\" loading=\"lazy\" \/>\n\t<\/figure>\n<h3>\n\t\t\tMonica Bharadwaj\t<\/h3>\n\t<p>Subvenciones y desarrollo<\/p>\n\t\t\t<a href=\"https:\/\/abara.org\/es\/team\/monica-bharadwaj\/\"  target=\"_self\">\n\t\t\t\t\t\t\tLeer biograf\u00eda\n\t\t\t\t\t<\/a>\n<figure itemscope itemtype=\"https:\/\/schema.org\/ImageObject\">\n\t\t\t\t<img decoding=\"async\" src=\"https:\/\/abara.org\/wp-content\/uploads\/2025\/06\/Rectangle-22-10.png\" alt=\"Rectangle 22 (10)\" height=\"191\" width=\"191\" title=\"Rect\u00e1ngulo 22 (10)\" onerror=\"this.style.display='none'\" loading=\"lazy\" \/>\n\t<\/figure>\n<h3>\n\t\t\tMeredith Mayo\t<\/h3>\n\t<p>Coach de estrategia y liderazgo<\/p>\n\t\t\t<a href=\"https:\/\/abara.org\/es\/team\/meredith-mayo\/\"  target=\"_self\">\n\t\t\t\t\t\t\tLeer biograf\u00eda\n\t\t\t\t\t<\/a>\n<figure itemscope itemtype=\"https:\/\/schema.org\/ImageObject\">\n\t\t\t\t<img decoding=\"async\" src=\"https:\/\/abara.org\/wp-content\/uploads\/2025\/10\/IMG_7027-e1760297000372-300x300.jpg\" alt=\"IMG_7027\" height=\"300\" width=\"300\" title=\"IMG_7027\" onerror=\"this.style.display='none'\" loading=\"lazy\" \/>\n\t<\/figure>\n<h3>\n\t\t\tRebeca Alv\u00eddrez\t<\/h3>\n\t<p>Dise\u00f1ador gr\u00e1fico y especialista en comunicaci\u00f3n<\/p>\n\t\t\t<a href=\"https:\/\/abara.org\/es\/team\/rebeca-alvidrez\/\"  target=\"_self\">\n\t\t\t\t\t\t\tLeer biograf\u00eda\n\t\t\t\t\t<\/a>\n<figure itemscope itemtype=\"https:\/\/schema.org\/ImageObject\">\n\t\t\t\t<img decoding=\"async\" src=\"https:\/\/abara.org\/wp-content\/uploads\/2026\/03\/square-image.jpg\" alt=\"square-image\" height=\"1200\" width=\"1200\" title=\"imagen cuadrada\" onerror=\"this.style.display='none'\" loading=\"lazy\" \/>\n\t<\/figure>\n<h3>\n\t\t\tLaurel \u00c1lvarez\t<\/h3>\n\tAdministraci\u00f3n responsable<br \/>\nCoordinador\n\t\t\t<a href=\"https:\/\/abara.org\/es\/team\/laurel-alvarez\/\"  target=\"_self\">\n\t\t\t\t\t\t\tLeer biograf\u00eda\n\t\t\t\t\t<\/a>\n<figure itemscope itemtype=\"https:\/\/schema.org\/ImageObject\">\n\t\t\t\t<img decoding=\"async\" src=\"https:\/\/abara.org\/wp-content\/uploads\/2025\/11\/WEBSITE-PHOTOS-NATE-.jpg\" alt=\"WEBSITE PHOTOS - NATE\" height=\"300\" width=\"300\" title=\"FOTOS DE LA P\u00c1GINA WEB - NATE\" onerror=\"this.style.display='none'\" loading=\"lazy\" \/>\n\t<\/figure>\n<h3>\n\t\t\tNate Ledbetter\t<\/h3>\n\tAsociaciones y<br \/>\nDesarrollo\n\t\t\t<a href=\"https:\/\/abara.org\/es\/team\/nate-ledbetter\/\"  target=\"_self\">\n\t\t\t\t\t\t\tLeer biograf\u00eda\n\t\t\t\t\t<\/a>\n<h2>\n\t\t\tHistorias de fronteras \u00a1Inscr\u00edbete!\t<\/h2>\n<figure itemscope itemtype=\"https:\/\/schema.org\/ImageObject\">\n\t\t\t\t<img decoding=\"async\" src=\"https:\/\/abara.org\/wp-content\/uploads\/2025\/06\/Rectangle-21-2.png\" alt=\"Rectangle 21 (2)\" height=\"413\" width=\"356\" title=\"Rect\u00e1ngulo 21 (2)\" onerror=\"this.style.display='none'\" loading=\"lazy\" \/>\n\t<\/figure>","protected":false},"excerpt":{"rendered":"<p>Nuestro equipo Arraigados en las zonas fronterizas, creamos espacios para la conexi\u00f3n, el aprendizaje y la acci\u00f3n, caminando con otros para fomentar la comprensi\u00f3n, amplificar las voces no escuchadas y construir un mundo m\u00e1s justo y compasivo. Sami DiPasquale Director ejecutivo Leer biograf\u00eda Victoria de Anda Asistente ejecutiva y de investigaci\u00f3n Leer biograf\u00eda Rosa Mani Coordinadora de Servicios a Migrantes Leer biograf\u00eda Daniel Banda Conector del refugio...<\/p>","protected":false},"author":3,"featured_media":5286,"parent":5165,"menu_order":0,"comment_status":"closed","ping_status":"closed","template":"","meta":{"_acf_changed":false,"_monsterinsights_skip_tracking":false,"_monsterinsights_sitenote_active":false,"_monsterinsights_sitenote_note":"","_monsterinsights_sitenote_category":0,"footnotes":""},"class_list":["post-5460","page","type-page","status-publish","has-post-thumbnail","hentry"],"acf":[],"yoast_head":"<!-- This site is optimized with the Yoast SEO plugin v27.5 - https:\/\/yoast.com\/product\/yoast-seo-wordpress\/ -->\n<title>Our Team - Abara<\/title>\n<meta name=\"description\" content=\"Abara connects people across borders through immersive experiences and peace-building efforts along the U.S.\u2013Mexico border.\" \/>\n<meta name=\"robots\" content=\"index, follow, max-snippet:-1, max-image-preview:large, max-video-preview:-1\" \/>\n<link rel=\"canonical\" href=\"https:\/\/abara.org\/es\/about-us\/our-team\/\" \/>\n<meta property=\"og:locale\" content=\"es_MX\" \/>\n<meta property=\"og:type\" content=\"article\" \/>\n<meta property=\"og:title\" content=\"Our Team - Abara\" \/>\n<meta property=\"og:description\" content=\"Abara connects people across borders through immersive experiences and peace-building efforts along the U.S.\u2013Mexico border.\" \/>\n<meta property=\"og:url\" content=\"https:\/\/abara.org\/es\/about-us\/our-team\/\" \/>\n<meta property=\"og:site_name\" content=\"Abara\" \/>\n<meta property=\"article:modified_time\" content=\"2026-03-30T06:14:04+00:00\" \/>\n<meta property=\"og:image\" content=\"https:\/\/abara.org\/wp-content\/uploads\/2021\/12\/be75bd_16263be66b704836ac25785e8ebad6b1mv2-scaled.webp\" \/>\n\t<meta property=\"og:image:width\" content=\"2560\" \/>\n\t<meta property=\"og:image:height\" content=\"1707\" \/>\n\t<meta property=\"og:image:type\" content=\"image\/webp\" \/>\n<meta name=\"twitter:card\" content=\"summary_large_image\" \/>\n<meta name=\"twitter:label1\" content=\"Tiempo de lectura\" \/>\n\t<meta name=\"twitter:data1\" content=\"4 minutos\" \/>\n<script type=\"application\/ld+json\" class=\"yoast-schema-graph\">{\"@context\":\"https:\\\/\\\/schema.org\",\"@graph\":[{\"@type\":\"WebPage\",\"@id\":\"https:\\\/\\\/abara.org\\\/about-us\\\/our-team\\\/\",\"url\":\"https:\\\/\\\/abara.org\\\/about-us\\\/our-team\\\/\",\"name\":\"Our Team - Abara\",\"isPartOf\":{\"@id\":\"https:\\\/\\\/abara.org\\\/#website\"},\"primaryImageOfPage\":{\"@id\":\"https:\\\/\\\/abara.org\\\/about-us\\\/our-team\\\/#primaryimage\"},\"image\":{\"@id\":\"https:\\\/\\\/abara.org\\\/about-us\\\/our-team\\\/#primaryimage\"},\"thumbnailUrl\":\"https:\\\/\\\/abara.org\\\/wp-content\\\/uploads\\\/2021\\\/12\\\/be75bd_16263be66b704836ac25785e8ebad6b1mv2-scaled.webp\",\"datePublished\":\"2025-06-05T19:14:55+00:00\",\"dateModified\":\"2026-03-30T06:14:04+00:00\",\"description\":\"Abara connects people across borders through immersive experiences and peace-building efforts along the U.S.\u2013Mexico border.\",\"breadcrumb\":{\"@id\":\"https:\\\/\\\/abara.org\\\/about-us\\\/our-team\\\/#breadcrumb\"},\"inLanguage\":\"es\",\"potentialAction\":[{\"@type\":\"ReadAction\",\"target\":[\"https:\\\/\\\/abara.org\\\/about-us\\\/our-team\\\/\"]}]},{\"@type\":\"ImageObject\",\"inLanguage\":\"es\",\"@id\":\"https:\\\/\\\/abara.org\\\/about-us\\\/our-team\\\/#primaryimage\",\"url\":\"https:\\\/\\\/abara.org\\\/wp-content\\\/uploads\\\/2021\\\/12\\\/be75bd_16263be66b704836ac25785e8ebad6b1mv2-scaled.webp\",\"contentUrl\":\"https:\\\/\\\/abara.org\\\/wp-content\\\/uploads\\\/2021\\\/12\\\/be75bd_16263be66b704836ac25785e8ebad6b1mv2-scaled.webp\",\"width\":2560,\"height\":1707},{\"@type\":\"BreadcrumbList\",\"@id\":\"https:\\\/\\\/abara.org\\\/about-us\\\/our-team\\\/#breadcrumb\",\"itemListElement\":[{\"@type\":\"ListItem\",\"position\":1,\"name\":\"Home\",\"item\":\"https:\\\/\\\/abara.org\\\/\"},{\"@type\":\"ListItem\",\"position\":2,\"name\":\"About Us\",\"item\":\"https:\\\/\\\/abara.org\\\/about-us\\\/\"},{\"@type\":\"ListItem\",\"position\":3,\"name\":\"Our Team\"}]},{\"@type\":\"WebSite\",\"@id\":\"https:\\\/\\\/abara.org\\\/#website\",\"url\":\"https:\\\/\\\/abara.org\\\/\",\"name\":\"Abara\",\"description\":\"Belonging Beyond Borders in El Paso, TX\",\"potentialAction\":[{\"@type\":\"SearchAction\",\"target\":{\"@type\":\"EntryPoint\",\"urlTemplate\":\"https:\\\/\\\/abara.org\\\/?s={search_term_string}\"},\"query-input\":{\"@type\":\"PropertyValueSpecification\",\"valueRequired\":true,\"valueName\":\"search_term_string\"}}],\"inLanguage\":\"es\"}]}<\/script>\n<!-- \/ Yoast SEO plugin. -->","yoast_head_json":{"title":"Nuestro equipo - Abara","description":"Abara conecta a las personas a trav\u00e9s de las fronteras mediante experiencias inmersivas y esfuerzos de consolidaci\u00f3n de la paz a lo largo de la frontera entre Estados Unidos y M\u00e9xico.","robots":{"index":"index","follow":"follow","max-snippet":"max-snippet:-1","max-image-preview":"max-image-preview:large","max-video-preview":"max-video-preview:-1"},"canonical":"https:\/\/abara.org\/es\/about-us\/our-team\/","og_locale":"es_MX","og_type":"article","og_title":"Our Team - Abara","og_description":"Abara connects people across borders through immersive experiences and peace-building efforts along the U.S.\u2013Mexico border.","og_url":"https:\/\/abara.org\/es\/about-us\/our-team\/","og_site_name":"Abara","article_modified_time":"2026-03-30T06:14:04+00:00","og_image":[{"width":2560,"height":1707,"url":"https:\/\/abara.org\/wp-content\/uploads\/2021\/12\/be75bd_16263be66b704836ac25785e8ebad6b1mv2-scaled.webp","type":"image\/webp"}],"twitter_card":"summary_large_image","twitter_misc":{"Tiempo de lectura":"4 minutos"},"schema":{"@context":"https:\/\/schema.org","@graph":[{"@type":"WebPage","@id":"https:\/\/abara.org\/about-us\/our-team\/","url":"https:\/\/abara.org\/about-us\/our-team\/","name":"Nuestro equipo - Abara","isPartOf":{"@id":"https:\/\/abara.org\/#website"},"primaryImageOfPage":{"@id":"https:\/\/abara.org\/about-us\/our-team\/#primaryimage"},"image":{"@id":"https:\/\/abara.org\/about-us\/our-team\/#primaryimage"},"thumbnailUrl":"https:\/\/abara.org\/wp-content\/uploads\/2021\/12\/be75bd_16263be66b704836ac25785e8ebad6b1mv2-scaled.webp","datePublished":"2025-06-05T19:14:55+00:00","dateModified":"2026-03-30T06:14:04+00:00","description":"Abara conecta a las personas a trav\u00e9s de las fronteras mediante experiencias inmersivas y esfuerzos de consolidaci\u00f3n de la paz a lo largo de la frontera entre Estados Unidos y M\u00e9xico.","breadcrumb":{"@id":"https:\/\/abara.org\/about-us\/our-team\/#breadcrumb"},"inLanguage":"es","potentialAction":[{"@type":"ReadAction","target":["https:\/\/abara.org\/about-us\/our-team\/"]}]},{"@type":"ImageObject","inLanguage":"es","@id":"https:\/\/abara.org\/about-us\/our-team\/#primaryimage","url":"https:\/\/abara.org\/wp-content\/uploads\/2021\/12\/be75bd_16263be66b704836ac25785e8ebad6b1mv2-scaled.webp","contentUrl":"https:\/\/abara.org\/wp-content\/uploads\/2021\/12\/be75bd_16263be66b704836ac25785e8ebad6b1mv2-scaled.webp","width":2560,"height":1707},{"@type":"BreadcrumbList","@id":"https:\/\/abara.org\/about-us\/our-team\/#breadcrumb","itemListElement":[{"@type":"ListItem","position":1,"name":"Home","item":"https:\/\/abara.org\/"},{"@type":"ListItem","position":2,"name":"About Us","item":"https:\/\/abara.org\/about-us\/"},{"@type":"ListItem","position":3,"name":"Our Team"}]},{"@type":"WebSite","@id":"https:\/\/abara.org\/#website","url":"https:\/\/abara.org\/","name":"Abara","description":"Pertenecer m\u00e1s all\u00e1 de las fronteras en El Paso, TX","potentialAction":[{"@type":"SearchAction","target":{"@type":"EntryPoint","urlTemplate":"https:\/\/abara.org\/?s={search_term_string}"},"query-input":{"@type":"PropertyValueSpecification","valueRequired":true,"valueName":"search_term_string"}}],"inLanguage":"es"}]}},"_links":{"self":[{"href":"https:\/\/abara.org\/es\/wp-json\/wp\/v2\/pages\/5460","targetHints":{"allow":["GET"]}}],"collection":[{"href":"https:\/\/abara.org\/es\/wp-json\/wp\/v2\/pages"}],"about":[{"href":"https:\/\/abara.org\/es\/wp-json\/wp\/v2\/types\/page"}],"author":[{"embeddable":true,"href":"https:\/\/abara.org\/es\/wp-json\/wp\/v2\/users\/3"}],"replies":[{"embeddable":true,"href":"https:\/\/abara.org\/es\/wp-json\/wp\/v2\/comments?post=5460"}],"version-history":[{"count":0,"href":"https:\/\/abara.org\/es\/wp-json\/wp\/v2\/pages\/5460\/revisions"}],"up":[{"embeddable":true,"href":"https:\/\/abara.org\/es\/wp-json\/wp\/v2\/pages\/5165"}],"wp:featuredmedia":[{"embeddable":true,"href":"https:\/\/abara.org\/es\/wp-json\/wp\/v2\/media\/5286"}],"wp:attachment":[{"href":"https:\/\/abara.org\/es\/wp-json\/wp\/v2\/media?parent=5460"}],"curies":[{"name":"wp","href":"https:\/\/api.w.org\/{rel}","templated":true}]}}