{"id":5208,"date":"2025-04-04T00:15:23","date_gmt":"2025-04-04T00:15:23","guid":{"rendered":"https:\/\/abara2.wpenginepowered.com\/?page_id=5208"},"modified":"2025-09-23T19:34:09","modified_gmt":"2025-09-23T19:34:09","slug":"border-encounter-policies-participant-guidelines","status":"publish","type":"page","link":"https:\/\/abara.org\/es\/border-encounters\/border-encounter-policies-participant-guidelines\/","title":{"rendered":"Border Encounter Policies &#038; Participant Guidelines \ufffc"},"content":{"rendered":"<h1>\n\t\t\tPol\u00edticas de Abara\t<\/h1>\n<h2>\n\t\t\tNORMAS DE LOS EQUIPOS\t<\/h2>\n\t<p>HUMILDAD CULTURAL<\/p>\n\tAs we learn to read places, those places end up reading us. We want to avoid the &#8220;ugly American&#8221; attitude that too often precedes the reputation of the U.S. locally and abroad. We choose instead to enter spaces as guests. Abara centers the hopes, dreams, and concerns of neighbors who are local experts within their own communities. Asylum seekers demonstrate spiritual strength, resilience, and carry stories yet to be heard.<br \/>\n&nbsp;<br \/>\nUn aspecto de la humildad cultural es nuestra postura interna y nuestra vestimenta externa. Invitamos a los equipos a vestir de acuerdo con el contexto cultural, el papel o la reuni\u00f3n. Por favor, eviten llevar camisetas con la bandera americana, camuflaje o esl\u00f3ganes. Invitamos a los equipos a venir como oyentes, vecinos y aprendices mientras entramos en espacios donde la gente est\u00e1 cargando con las realidades del sufrimiento y el trauma.\n<h2>\n\t\t\tPROTECCI\u00d3N DE LA INFANCIA\t<\/h2>\n\t<p>Abara se compromete a proporcionar un entorno seguro para los ni\u00f1os y j\u00f3venes en los refugios y fuera de ellos. Abara se compromete a proteger a los ni\u00f1os y j\u00f3venes de incidentes de mala conducta o comportamiento inapropiado. Bajo ninguna circunstancia los miembros del equipo pueden estar a solas con un menor a puerta cerrada o en un veh\u00edculo. Se requiere el cumplimiento por parte del personal y los voluntarios. El incumplimiento de esta pol\u00edtica puede resultar en la expulsi\u00f3n del equipo y las acciones se determinan de acuerdo con la ley.<\/p>\n\t<p>ENTORNOS SEGUROS<\/p>\n\tCrear entornos de confianza, profesionalidad y amistad son algunas de las pr\u00e1cticas que nos gu\u00edan como equipo. Nos honramos los unos a los otros mientras el Equipo Abara lidera a trav\u00e9s de generaciones y l\u00edneas de g\u00e9nero. Abara rechaza categ\u00f3rica e inequ\u00edvocamente el racismo y la violencia contra cualquier persona. Esto incluye el paternalismo, la xenofobia, el nacionalismo y la sexualizaci\u00f3n de los dem\u00e1s. Respetamos la dignidad innata de todas las personas. El personal y los voluntarios de Abara se esfuerzan por ser personas de la m\u00e1xima integridad. Queremos evitar impropiedades en las que la atracci\u00f3n hacia otro se convierta en un riesgo o comprometa el prop\u00f3sito de nuestro Encuentro Fronterizo (EB), o en una situaci\u00f3n insegura para un miembro de nuestro personal o de su grupo.<br \/>\n&nbsp;<br \/>\nEn la pr\u00e1ctica, el personal de Abara se compromete a reunirse en lugares p\u00fablicos y de puertas abiertas con los invitados y los grupos del Encuentro Fronterizo. Se evita reunirse a solas en una zona no p\u00fablica a menos que se aprecien circunstancias \u00fanicas. Fomentamos la transparencia del calendario de equipo, la discreci\u00f3n y el respeto.<br \/>\n&nbsp;<br \/>\nWorse Case Scenarios: If a Border Encounter attendee chooses not to honor team standards, they are at risk of forfeiting their participation and possible dismissal. The purpose of dismissal is to restore a team member to right relationship. An example of grounds for dismissal may include, but are not be limited to: inappropriate behavior, dishonoring local leaders, or consistently drifting from the group. In rare circumstances, the following steps guide Team Abara:\n<ul>\n<li>First Warning &#8211; informal (verbal)<\/li>\n<li>Second Warning &#8211; formal (verbal and in writing)<\/li>\n<li>Team Discernment &#8211; formal &#8220;pause&#8221; for 24 hours<\/li>\n<li>Dismissal &#8211; formal dismissal or pause from team activities<\/li>\n<\/ul>\n<p>Note &#8211; Depending on the severity of behavior or misconduct, any of the preceding steps may be skipped<\/p>\n<h2>\n\t\t\t\u00bfD\u00f3nde puedo obtener m\u00e1s informaci\u00f3n sobre las siempre cambiantes complejidades de la pol\u00edtica de inmigraci\u00f3n?\t<\/h2>\n\t<p>Para comprender la migraci\u00f3n hay que empezar por la cercan\u00eda. Significa ir m\u00e1s all\u00e1 de las estad\u00edsticas y las pol\u00edticas para conocer a las personas reales cuyas vidas est\u00e1n marcadas por estos sistemas. Significa escuchar historias que con demasiada frecuencia se silencian, reconocer la humanidad que todos compartimos detr\u00e1s de cada viaje y permitir que estas narrativas personales pongan en tela de juicio los prejuicios, desmantelen el miedo y nos inviten a una conexi\u00f3n m\u00e1s profunda y a la responsabilidad colectiva.<\/p>\n\t\t\t<a href=\"https:\/\/abara.org\/es\/global-migration\/\" target=\"_self\">\n\t\t\t\t\t\t\tAcerca de la migraci\u00f3n mundial\n\t\t\t\t\t<\/a>\n<h2>\n\t\t\t\u00bfC\u00f3mo podemos actuar ahora?\t<\/h2>\n\t<ul>\n<li>\n<ul>\n<li><a href=\"https:\/\/www.house.gov\/representatives\/find-your-representative\" target=\"_blank\" rel=\"noopener\">Llame o escriba<\/a>: Pide a los miembros del Congreso que se pronuncien contra los problemas que afectan a las comunidades inmigrantes. Tenemos que abordar las causas profundas de la migraci\u00f3n y poner fin a las pol\u00edticas que criminalizan a los solicitantes de asilo.<\/li>\n<\/ul>\n<\/li>\n<\/ul>\n<ul>\n<li>\n<ul>\n<li>Inf\u00f3rmese: Investigue y conozca los hechos. Inf\u00f3rmate sobre c\u00f3mo afectan los cambios pol\u00edticos a los inmigrantes que abandonan su pa\u00eds de origen. Comparte lo que aprendas con amigos, vecinos y en las redes sociales.<\/li>\n<\/ul>\n<\/li>\n<\/ul>\n<ul>\n<li>\n<ul>\n<li>Apoye a las voces locales, los artesanos y los emprendedores sociales de la frontera y de fuera de ella. <a href=\"\/es\/merchstore\/\" target=\"_blank\" rel=\"noopener\">M\u00e1s informaci\u00f3n<\/a><\/li>\n<\/ul>\n<\/li>\n<\/ul>\n<ul>\n<li>\n<ul>\n<li>Profundice aprendiendo m\u00e1s sobre las realidades globales de la migraci\u00f3n.<\/li>\n<\/ul>\n<\/li>\n<\/ul>\n<ul>\n<li>\n<ul>\n<li><a href=\"https:\/\/www.justice.gov\/eoir\/recognition-and-accreditation-program\" target=\"_blank\" rel=\"noopener\">Organice un Consultorio Jur\u00eddico en su comunidad:<\/a> Es una forma estupenda de conocer a tus vecinos.<\/li>\n<\/ul>\n<\/li>\n<\/ul>\n<ul>\n<li>\n<ul>\n<li>Inicia un C\u00edrculo de Donaci\u00f3n Enfocada | Reuniones de Sal\u00f3n: Invita a tu comunidad a profundizar, apoyar juntos a Abara y comprometer a tu comunidad local.<\/li>\n<\/ul>\n<\/li>\n<\/ul>\n<h2>\n\t\t\t\u00bfEs seguro cruzar la frontera?\t<\/h2>\n\t<ul>\n<li>Ciudad Ju\u00e1rez en M\u00e9xico, ciudad hermana de El Paso, es una hermosa ciudad fronteriza que ha experimentado varias temporadas de angustia, dolor y violencia en las \u00faltimas d\u00e9cadas. A pesar de parte de su reputaci\u00f3n, Ciudad Ju\u00e1rez es una ciudad vibrante con una profunda historia, una mezcla de bellas culturas, una activa comunidad de entretenimiento y una fuerte presencia empresarial, gran parte de la cual est\u00e1 ligada al comercio transfronterizo. Millones de personas pasan por Ciudad Ju\u00e1rez cada a\u00f1o sin incidentes. La violencia reciente se ha limitado casi exclusivamente a las personas vinculadas a las bandas.<\/li>\n<p> &nbsp;<\/p>\n<li>En ocasiones, los m\u00e1s vulnerables dentro de la comunidad migrante tambi\u00e9n corren el riesgo de sufrir violencia, extorsi\u00f3n o tr\u00e1fico de mano de obra, ya que tienen poco acceso a conexiones o asistencia de alto nivel. Aunque no se puede garantizar la seguridad personal en ninguna ciudad, no hemos experimentado ning\u00fan problema de seguridad con nuestro personal ni con los grupos visitantes durante ninguno de los cientos de viajes a trav\u00e9s de la frontera en los \u00faltimos a\u00f1os. Confiamos en la sabidur\u00eda de nuestros socios y miembros del equipo que viven en Ju\u00e1rez, y seguimos su liderazgo y direcci\u00f3n durante nuestros Encuentros Fronterizos.<\/li>\n<\/ul>\n<h2>\n\t\t\tHistorias de fronteras \u00a1Inscr\u00edbete!\t<\/h2>\n\t<p>Suscr\u00edbase a<\/p>","protected":false},"excerpt":{"rendered":"<p>Abara Policies TEAM STANDARDS CULTURAL HUMILITY As we learn to read places, those places end up reading us. We want to avoid the &#8220;ugly American&#8221; attitude that too often precedes the reputation of the U.S. locally and abroad. We choose instead to enter spaces as guests. Abara centers the hopes, dreams, and concerns of neighbors&hellip;<\/p>","protected":false},"author":3,"featured_media":5107,"parent":5638,"menu_order":0,"comment_status":"closed","ping_status":"closed","template":"","meta":{"_acf_changed":false,"_monsterinsights_skip_tracking":false,"_monsterinsights_sitenote_active":false,"_monsterinsights_sitenote_note":"","_monsterinsights_sitenote_category":0,"footnotes":""},"class_list":["post-5208","page","type-page","status-publish","has-post-thumbnail","hentry"],"acf":[],"yoast_head":"<!-- This site is optimized with the Yoast SEO plugin v27.3 - https:\/\/yoast.com\/product\/yoast-seo-wordpress\/ -->\n<title>Border Encounter Policies &amp; Participant Guidelines \ufffc - Abara<\/title>\n<meta name=\"description\" content=\"Policies and Standards for Abara\" \/>\n<meta name=\"robots\" content=\"index, follow, max-snippet:-1, max-image-preview:large, max-video-preview:-1\" \/>\n<link rel=\"canonical\" href=\"https:\/\/abara.org\/es\/border-encounters\/border-encounter-policies-participant-guidelines\/\" \/>\n<meta property=\"og:locale\" content=\"es_MX\" \/>\n<meta property=\"og:type\" content=\"article\" \/>\n<meta property=\"og:title\" content=\"Border Encounter Policies &amp; Participant Guidelines \ufffc - Abara\" \/>\n<meta property=\"og:description\" content=\"Policies and Standards for Abara\" \/>\n<meta property=\"og:url\" content=\"https:\/\/abara.org\/es\/border-encounters\/border-encounter-policies-participant-guidelines\/\" \/>\n<meta property=\"og:site_name\" content=\"Abara\" \/>\n<meta property=\"article:modified_time\" content=\"2025-09-23T19:34:09+00:00\" \/>\n<meta property=\"og:image\" content=\"https:\/\/abara.org\/wp-content\/uploads\/2025\/03\/borderencounters.png\" \/>\n\t<meta property=\"og:image:width\" content=\"389\" \/>\n\t<meta property=\"og:image:height\" content=\"288\" \/>\n\t<meta property=\"og:image:type\" content=\"image\/png\" \/>\n<meta name=\"twitter:card\" content=\"summary_large_image\" \/>\n<meta name=\"twitter:label1\" content=\"Tiempo de lectura\" \/>\n\t<meta name=\"twitter:data1\" content=\"6 minutos\" \/>\n<script type=\"application\/ld+json\" class=\"yoast-schema-graph\">{\"@context\":\"https:\\\/\\\/schema.org\",\"@graph\":[{\"@type\":\"WebPage\",\"@id\":\"https:\\\/\\\/abara.org\\\/border-encounters\\\/border-encounter-policies-participant-guidelines\\\/\",\"url\":\"https:\\\/\\\/abara.org\\\/border-encounters\\\/border-encounter-policies-participant-guidelines\\\/\",\"name\":\"Border Encounter Policies & Participant Guidelines \ufffc - Abara\",\"isPartOf\":{\"@id\":\"https:\\\/\\\/abara.org\\\/#website\"},\"primaryImageOfPage\":{\"@id\":\"https:\\\/\\\/abara.org\\\/border-encounters\\\/border-encounter-policies-participant-guidelines\\\/#primaryimage\"},\"image\":{\"@id\":\"https:\\\/\\\/abara.org\\\/border-encounters\\\/border-encounter-policies-participant-guidelines\\\/#primaryimage\"},\"thumbnailUrl\":\"https:\\\/\\\/abara.org\\\/wp-content\\\/uploads\\\/2025\\\/03\\\/borderencounters.png\",\"datePublished\":\"2025-04-04T00:15:23+00:00\",\"dateModified\":\"2025-09-23T19:34:09+00:00\",\"description\":\"Policies and Standards for Abara\",\"breadcrumb\":{\"@id\":\"https:\\\/\\\/abara.org\\\/border-encounters\\\/border-encounter-policies-participant-guidelines\\\/#breadcrumb\"},\"inLanguage\":\"es\",\"potentialAction\":[{\"@type\":\"ReadAction\",\"target\":[\"https:\\\/\\\/abara.org\\\/border-encounters\\\/border-encounter-policies-participant-guidelines\\\/\"]}]},{\"@type\":\"ImageObject\",\"inLanguage\":\"es\",\"@id\":\"https:\\\/\\\/abara.org\\\/border-encounters\\\/border-encounter-policies-participant-guidelines\\\/#primaryimage\",\"url\":\"https:\\\/\\\/abara.org\\\/wp-content\\\/uploads\\\/2025\\\/03\\\/borderencounters.png\",\"contentUrl\":\"https:\\\/\\\/abara.org\\\/wp-content\\\/uploads\\\/2025\\\/03\\\/borderencounters.png\",\"width\":389,\"height\":288},{\"@type\":\"BreadcrumbList\",\"@id\":\"https:\\\/\\\/abara.org\\\/border-encounters\\\/border-encounter-policies-participant-guidelines\\\/#breadcrumb\",\"itemListElement\":[{\"@type\":\"ListItem\",\"position\":1,\"name\":\"Home\",\"item\":\"https:\\\/\\\/abara.org\\\/\"},{\"@type\":\"ListItem\",\"position\":2,\"name\":\"Border Encounters\",\"item\":\"https:\\\/\\\/abara.org\\\/border-encounters\\\/\"},{\"@type\":\"ListItem\",\"position\":3,\"name\":\"Border Encounter Policies &#038; Participant Guidelines \ufffc\"}]},{\"@type\":\"WebSite\",\"@id\":\"https:\\\/\\\/abara.org\\\/#website\",\"url\":\"https:\\\/\\\/abara.org\\\/\",\"name\":\"Abara\",\"description\":\"Belonging Beyond Borders in El Paso, TX\",\"potentialAction\":[{\"@type\":\"SearchAction\",\"target\":{\"@type\":\"EntryPoint\",\"urlTemplate\":\"https:\\\/\\\/abara.org\\\/?s={search_term_string}\"},\"query-input\":{\"@type\":\"PropertyValueSpecification\",\"valueRequired\":true,\"valueName\":\"search_term_string\"}}],\"inLanguage\":\"es\"}]}<\/script>\n<!-- \/ Yoast SEO plugin. -->","yoast_head_json":{"title":"Border Encounter Policies & Participant Guidelines \ufffc - Abara","description":"Policies and Standards for Abara","robots":{"index":"index","follow":"follow","max-snippet":"max-snippet:-1","max-image-preview":"max-image-preview:large","max-video-preview":"max-video-preview:-1"},"canonical":"https:\/\/abara.org\/es\/border-encounters\/border-encounter-policies-participant-guidelines\/","og_locale":"es_MX","og_type":"article","og_title":"Border Encounter Policies & Participant Guidelines \ufffc - Abara","og_description":"Policies and Standards for Abara","og_url":"https:\/\/abara.org\/es\/border-encounters\/border-encounter-policies-participant-guidelines\/","og_site_name":"Abara","article_modified_time":"2025-09-23T19:34:09+00:00","og_image":[{"width":389,"height":288,"url":"https:\/\/abara.org\/wp-content\/uploads\/2025\/03\/borderencounters.png","type":"image\/png"}],"twitter_card":"summary_large_image","twitter_misc":{"Tiempo de lectura":"6 minutos"},"schema":{"@context":"https:\/\/schema.org","@graph":[{"@type":"WebPage","@id":"https:\/\/abara.org\/border-encounters\/border-encounter-policies-participant-guidelines\/","url":"https:\/\/abara.org\/border-encounters\/border-encounter-policies-participant-guidelines\/","name":"Border Encounter Policies & Participant Guidelines \ufffc - Abara","isPartOf":{"@id":"https:\/\/abara.org\/#website"},"primaryImageOfPage":{"@id":"https:\/\/abara.org\/border-encounters\/border-encounter-policies-participant-guidelines\/#primaryimage"},"image":{"@id":"https:\/\/abara.org\/border-encounters\/border-encounter-policies-participant-guidelines\/#primaryimage"},"thumbnailUrl":"https:\/\/abara.org\/wp-content\/uploads\/2025\/03\/borderencounters.png","datePublished":"2025-04-04T00:15:23+00:00","dateModified":"2025-09-23T19:34:09+00:00","description":"Policies and Standards for Abara","breadcrumb":{"@id":"https:\/\/abara.org\/border-encounters\/border-encounter-policies-participant-guidelines\/#breadcrumb"},"inLanguage":"es","potentialAction":[{"@type":"ReadAction","target":["https:\/\/abara.org\/border-encounters\/border-encounter-policies-participant-guidelines\/"]}]},{"@type":"ImageObject","inLanguage":"es","@id":"https:\/\/abara.org\/border-encounters\/border-encounter-policies-participant-guidelines\/#primaryimage","url":"https:\/\/abara.org\/wp-content\/uploads\/2025\/03\/borderencounters.png","contentUrl":"https:\/\/abara.org\/wp-content\/uploads\/2025\/03\/borderencounters.png","width":389,"height":288},{"@type":"BreadcrumbList","@id":"https:\/\/abara.org\/border-encounters\/border-encounter-policies-participant-guidelines\/#breadcrumb","itemListElement":[{"@type":"ListItem","position":1,"name":"Home","item":"https:\/\/abara.org\/"},{"@type":"ListItem","position":2,"name":"Border Encounters","item":"https:\/\/abara.org\/border-encounters\/"},{"@type":"ListItem","position":3,"name":"Border Encounter Policies &#038; Participant Guidelines \ufffc"}]},{"@type":"WebSite","@id":"https:\/\/abara.org\/#website","url":"https:\/\/abara.org\/","name":"Abara","description":"Pertenecer m\u00e1s all\u00e1 de las fronteras en El Paso, TX","potentialAction":[{"@type":"SearchAction","target":{"@type":"EntryPoint","urlTemplate":"https:\/\/abara.org\/?s={search_term_string}"},"query-input":{"@type":"PropertyValueSpecification","valueRequired":true,"valueName":"search_term_string"}}],"inLanguage":"es"}]}},"_links":{"self":[{"href":"https:\/\/abara.org\/es\/wp-json\/wp\/v2\/pages\/5208","targetHints":{"allow":["GET"]}}],"collection":[{"href":"https:\/\/abara.org\/es\/wp-json\/wp\/v2\/pages"}],"about":[{"href":"https:\/\/abara.org\/es\/wp-json\/wp\/v2\/types\/page"}],"author":[{"embeddable":true,"href":"https:\/\/abara.org\/es\/wp-json\/wp\/v2\/users\/3"}],"replies":[{"embeddable":true,"href":"https:\/\/abara.org\/es\/wp-json\/wp\/v2\/comments?post=5208"}],"version-history":[{"count":0,"href":"https:\/\/abara.org\/es\/wp-json\/wp\/v2\/pages\/5208\/revisions"}],"up":[{"embeddable":true,"href":"https:\/\/abara.org\/es\/wp-json\/wp\/v2\/pages\/5638"}],"wp:featuredmedia":[{"embeddable":true,"href":"https:\/\/abara.org\/es\/wp-json\/wp\/v2\/media\/5107"}],"wp:attachment":[{"href":"https:\/\/abara.org\/es\/wp-json\/wp\/v2\/media?parent=5208"}],"curies":[{"name":"wp","href":"https:\/\/api.w.org\/{rel}","templated":true}]}}