{"id":5165,"date":"2025-03-29T16:26:50","date_gmt":"2025-03-29T16:26:50","guid":{"rendered":"https:\/\/abara2.wpenginepowered.com\/?page_id=5165"},"modified":"2025-05-06T16:21:53","modified_gmt":"2025-05-06T16:21:53","slug":"about-us","status":"publish","type":"page","link":"https:\/\/abara.org\/es\/about-us\/","title":{"rendered":"Qui\u00e9nes somos"},"content":{"rendered":"<h1>\n\t\tQui\u00e9nes somos\n\t<\/h1>\n\t<p>Somos una organizaci\u00f3n sin \u00e1nimo de lucro con sede en El Paso, Texas, dedicada a fomentar la conexi\u00f3n, el aprendizaje y la acci\u00f3n en la frontera entre Estados Unidos y M\u00e9xico.<\/p>\n<p>In response to global migration and growing polarization, we create spaces for education, advocacy, and peace-building-inviting people to listen, engage, and take meaningful action.<\/p>\n<p>Through immersive Border Encounters, direct support for migrant shelters, and the development of Abara House-a first-of-its-kind peace-building center at a historic border crossing-Abara seeks to amplify unheard voices, challenge narratives, and cultivate a more just and connected world.<\/p>\n<h1>\n\t\tMisi\u00f3n\n\t<\/h1>\n\t<p>Creamos espacios f\u00edsicos y relacionales donde las conexiones construyen la paz, lo que conduce al florecimiento colectivo en la frontera y m\u00e1s all\u00e1.<\/p>\n<h1>\n\t\tVisi\u00f3n\n\t<\/h1>\n\t<p>We dream of a world without &#8220;others,&#8221; where fear gives way to connection, and every person&#8217;s humanity is fully honored.<\/p>\n<h2>\n\t\tHistorias de fronteras \u00a1Inscr\u00edbete!\n\t<\/h2>\n\t<p>Suscr\u00edbase a<\/p>","protected":false},"excerpt":{"rendered":"<p>About Us We are a nonprofit based in El Paso, TX, dedicated to fostering connection, learning, and action on the U.S.-Mexico border. In response to global migration and growing polarization, we create spaces for education, advocacy, and peace-building-inviting people to listen, engage, and take meaningful action. Through immersive Border Encounters, direct support for migrant shelters,&hellip;<\/p>","protected":false},"author":3,"featured_media":5306,"parent":0,"menu_order":0,"comment_status":"closed","ping_status":"closed","template":"","meta":{"_acf_changed":false,"_monsterinsights_skip_tracking":false,"_monsterinsights_sitenote_active":false,"_monsterinsights_sitenote_note":"","_monsterinsights_sitenote_category":0,"footnotes":""},"class_list":["post-5165","page","type-page","status-publish","has-post-thumbnail","hentry"],"acf":[],"yoast_head":"<!-- This site is optimized with the Yoast SEO plugin v27.3 - https:\/\/yoast.com\/product\/yoast-seo-wordpress\/ -->\n<title>About Us - Abara<\/title>\n<meta name=\"description\" content=\"Abara, born from Ciudad Nueva\u2019s 15 years of community work in El Paso, inspires cross-border connections through education, action, and peace-building.\" \/>\n<meta name=\"robots\" content=\"index, follow, max-snippet:-1, max-image-preview:large, max-video-preview:-1\" \/>\n<link rel=\"canonical\" href=\"https:\/\/abara.org\/es\/about-us\/\" \/>\n<meta property=\"og:locale\" content=\"es_MX\" \/>\n<meta property=\"og:type\" content=\"article\" \/>\n<meta property=\"og:title\" content=\"About Us - Abara\" \/>\n<meta property=\"og:description\" content=\"Abara, born from Ciudad Nueva\u2019s 15 years of community work in El Paso, inspires cross-border connections through education, action, and peace-building.\" \/>\n<meta property=\"og:url\" content=\"https:\/\/abara.org\/es\/about-us\/\" \/>\n<meta property=\"og:site_name\" content=\"Abara\" \/>\n<meta property=\"article:modified_time\" content=\"2025-05-06T16:21:53+00:00\" \/>\n<meta property=\"og:image\" content=\"https:\/\/abara.org\/wp-content\/uploads\/2025\/04\/Abara-102-1.png\" \/>\n\t<meta property=\"og:image:width\" content=\"736\" \/>\n\t<meta property=\"og:image:height\" content=\"473\" \/>\n\t<meta property=\"og:image:type\" content=\"image\/png\" \/>\n<meta name=\"twitter:card\" content=\"summary_large_image\" \/>\n<meta name=\"twitter:label1\" content=\"Tiempo de lectura\" \/>\n\t<meta name=\"twitter:data1\" content=\"2 minutos\" \/>\n<script type=\"application\/ld+json\" class=\"yoast-schema-graph\">{\"@context\":\"https:\\\/\\\/schema.org\",\"@graph\":[{\"@type\":\"WebPage\",\"@id\":\"https:\\\/\\\/abara.org\\\/about-us\\\/\",\"url\":\"https:\\\/\\\/abara.org\\\/about-us\\\/\",\"name\":\"About Us - Abara\",\"isPartOf\":{\"@id\":\"https:\\\/\\\/abara.org\\\/#website\"},\"primaryImageOfPage\":{\"@id\":\"https:\\\/\\\/abara.org\\\/about-us\\\/#primaryimage\"},\"image\":{\"@id\":\"https:\\\/\\\/abara.org\\\/about-us\\\/#primaryimage\"},\"thumbnailUrl\":\"https:\\\/\\\/abara.org\\\/wp-content\\\/uploads\\\/2025\\\/04\\\/Abara-102-1.png\",\"datePublished\":\"2025-03-29T16:26:50+00:00\",\"dateModified\":\"2025-05-06T16:21:53+00:00\",\"description\":\"Abara, born from Ciudad Nueva\u2019s 15 years of community work in El Paso, inspires cross-border connections through education, action, and peace-building.\",\"breadcrumb\":{\"@id\":\"https:\\\/\\\/abara.org\\\/about-us\\\/#breadcrumb\"},\"inLanguage\":\"es\",\"potentialAction\":[{\"@type\":\"ReadAction\",\"target\":[\"https:\\\/\\\/abara.org\\\/about-us\\\/\"]}]},{\"@type\":\"ImageObject\",\"inLanguage\":\"es\",\"@id\":\"https:\\\/\\\/abara.org\\\/about-us\\\/#primaryimage\",\"url\":\"https:\\\/\\\/abara.org\\\/wp-content\\\/uploads\\\/2025\\\/04\\\/Abara-102-1.png\",\"contentUrl\":\"https:\\\/\\\/abara.org\\\/wp-content\\\/uploads\\\/2025\\\/04\\\/Abara-102-1.png\",\"width\":736,\"height\":473},{\"@type\":\"BreadcrumbList\",\"@id\":\"https:\\\/\\\/abara.org\\\/about-us\\\/#breadcrumb\",\"itemListElement\":[{\"@type\":\"ListItem\",\"position\":1,\"name\":\"Home\",\"item\":\"https:\\\/\\\/abara.org\\\/\"},{\"@type\":\"ListItem\",\"position\":2,\"name\":\"About Us\"}]},{\"@type\":\"WebSite\",\"@id\":\"https:\\\/\\\/abara.org\\\/#website\",\"url\":\"https:\\\/\\\/abara.org\\\/\",\"name\":\"Abara\",\"description\":\"Belonging Beyond Borders in El Paso, TX\",\"potentialAction\":[{\"@type\":\"SearchAction\",\"target\":{\"@type\":\"EntryPoint\",\"urlTemplate\":\"https:\\\/\\\/abara.org\\\/?s={search_term_string}\"},\"query-input\":{\"@type\":\"PropertyValueSpecification\",\"valueRequired\":true,\"valueName\":\"search_term_string\"}}],\"inLanguage\":\"es\"}]}<\/script>\n<!-- \/ Yoast SEO plugin. -->","yoast_head_json":{"title":"About Us - Abara","description":"Abara, born from Ciudad Nueva\u2019s 15 years of community work in El Paso, inspires cross-border connections through education, action, and peace-building.","robots":{"index":"index","follow":"follow","max-snippet":"max-snippet:-1","max-image-preview":"max-image-preview:large","max-video-preview":"max-video-preview:-1"},"canonical":"https:\/\/abara.org\/es\/about-us\/","og_locale":"es_MX","og_type":"article","og_title":"About Us - Abara","og_description":"Abara, born from Ciudad Nueva\u2019s 15 years of community work in El Paso, inspires cross-border connections through education, action, and peace-building.","og_url":"https:\/\/abara.org\/es\/about-us\/","og_site_name":"Abara","article_modified_time":"2025-05-06T16:21:53+00:00","og_image":[{"width":736,"height":473,"url":"https:\/\/abara.org\/wp-content\/uploads\/2025\/04\/Abara-102-1.png","type":"image\/png"}],"twitter_card":"summary_large_image","twitter_misc":{"Tiempo de lectura":"2 minutos"},"schema":{"@context":"https:\/\/schema.org","@graph":[{"@type":"WebPage","@id":"https:\/\/abara.org\/about-us\/","url":"https:\/\/abara.org\/about-us\/","name":"About Us - Abara","isPartOf":{"@id":"https:\/\/abara.org\/#website"},"primaryImageOfPage":{"@id":"https:\/\/abara.org\/about-us\/#primaryimage"},"image":{"@id":"https:\/\/abara.org\/about-us\/#primaryimage"},"thumbnailUrl":"https:\/\/abara.org\/wp-content\/uploads\/2025\/04\/Abara-102-1.png","datePublished":"2025-03-29T16:26:50+00:00","dateModified":"2025-05-06T16:21:53+00:00","description":"Abara, born from Ciudad Nueva\u2019s 15 years of community work in El Paso, inspires cross-border connections through education, action, and peace-building.","breadcrumb":{"@id":"https:\/\/abara.org\/about-us\/#breadcrumb"},"inLanguage":"es","potentialAction":[{"@type":"ReadAction","target":["https:\/\/abara.org\/about-us\/"]}]},{"@type":"ImageObject","inLanguage":"es","@id":"https:\/\/abara.org\/about-us\/#primaryimage","url":"https:\/\/abara.org\/wp-content\/uploads\/2025\/04\/Abara-102-1.png","contentUrl":"https:\/\/abara.org\/wp-content\/uploads\/2025\/04\/Abara-102-1.png","width":736,"height":473},{"@type":"BreadcrumbList","@id":"https:\/\/abara.org\/about-us\/#breadcrumb","itemListElement":[{"@type":"ListItem","position":1,"name":"Home","item":"https:\/\/abara.org\/"},{"@type":"ListItem","position":2,"name":"About Us"}]},{"@type":"WebSite","@id":"https:\/\/abara.org\/#website","url":"https:\/\/abara.org\/","name":"Abara","description":"Pertenecer m\u00e1s all\u00e1 de las fronteras en El Paso, TX","potentialAction":[{"@type":"SearchAction","target":{"@type":"EntryPoint","urlTemplate":"https:\/\/abara.org\/?s={search_term_string}"},"query-input":{"@type":"PropertyValueSpecification","valueRequired":true,"valueName":"search_term_string"}}],"inLanguage":"es"}]}},"_links":{"self":[{"href":"https:\/\/abara.org\/es\/wp-json\/wp\/v2\/pages\/5165","targetHints":{"allow":["GET"]}}],"collection":[{"href":"https:\/\/abara.org\/es\/wp-json\/wp\/v2\/pages"}],"about":[{"href":"https:\/\/abara.org\/es\/wp-json\/wp\/v2\/types\/page"}],"author":[{"embeddable":true,"href":"https:\/\/abara.org\/es\/wp-json\/wp\/v2\/users\/3"}],"replies":[{"embeddable":true,"href":"https:\/\/abara.org\/es\/wp-json\/wp\/v2\/comments?post=5165"}],"version-history":[{"count":0,"href":"https:\/\/abara.org\/es\/wp-json\/wp\/v2\/pages\/5165\/revisions"}],"wp:featuredmedia":[{"embeddable":true,"href":"https:\/\/abara.org\/es\/wp-json\/wp\/v2\/media\/5306"}],"wp:attachment":[{"href":"https:\/\/abara.org\/es\/wp-json\/wp\/v2\/media?parent=5165"}],"curies":[{"name":"wp","href":"https:\/\/api.w.org\/{rel}","templated":true}]}}